{"id":9115,"date":"2016-11-14T09:33:28","date_gmt":"2016-11-14T08:33:28","guid":{"rendered":"https:\/\/osip.it\/fr\/product\/jet-copy"},"modified":"2016-11-14T09:58:44","modified_gmt":"2016-11-14T08:58:44","slug":"jet-copy","status":"publish","type":"product","link":"https:\/\/www.osip.it\/fr\/pompes-pour-usage-domestique\/versions-particulieres\/jet-copy\/","title":{"rendered":"JET-DS"},"content":{"rendered":"<p><strong>TYPE:<br \/>\n<\/strong>\u00c9lectropompe auto-amor\u00e7ante\u00a0avec dispositif Dry-Stop.<br \/>\nCette d\u00e9finition indique la capacit\u00e9 d\u2019aspiration de l\u2019eau claire m\u00eame en pr\u00e9sence de bulles d\u2019air.<\/p>\n<p><strong>PROFONDEUR D\u2019 ASPIRATION MAXIMALE:<br \/>\n<\/strong>La profondeur d\u2019 aspiration maximale est de 9 m\u00e8tres approximativement (valeur variable suivant l\u2019altitude et la temp\u00e9rature).<\/p>\n<p><strong>USAGE CONSEILL\u00c9:<br \/>\n<\/strong>Usage domestique, petites irrigations (Jardins) et distribution des eaux en g\u00e9n\u00e9ral.\u00a0Habituellement cette pompe peut \u00eatre \u00e9quipp\u00e9e d\u2019un r\u00e9servoir sous pression ou d\u2019 un groupe de contr\u00f4le electronique (voir surpresseurs \u00e0 controle \u00e9lectronique JET-TEC) pour un fonctionnement automatique.<br \/>\nLe dispositif Dry-Stop arrete le moteur prevenant le fonctionnement sans eau.<\/p>\n<p><strong>TEMPERATURES MAX D\u2019UTILISATION:<br \/>\n<\/strong>35 \u00b0C (eau), 40 \u00b0C (environnement).<\/p>\n<p><strong>CARACTERISTIQUES DE CONSTRUCTION:<\/strong><br \/>\nCorps de la pompe:\u00a0Fonte<br \/>\nSupport moteur: \u00a0Aluminium<br \/>\nTurbine: Noryl (sur demande: laiton)<br \/>\nDiffuseur: PBT<br \/>\nTenues d&rsquo;\u00e9tanch\u00e9it\u00e9: alumina\u00a0\/ charbon ghraphite<br \/>\nClasse de isolation: F<br \/>\nClasse de protection: IPX4<\/p>\n","protected":false},"excerpt":{"rendered":"<p>Usage domestique, petites irrigations (Jardins) et distribution des eaux en g\u00e9n\u00e9ral.\u00a0Habituellement cette pompe peut \u00eatre \u00e9quipp\u00e9e d\u2019un r\u00e9servoir sous pression ou d\u2019 un groupe de contr\u00f4le electronique (voir surpresseurs \u00e0 controle \u00e9lectronique JET-TEC) pour un fonctionnement automatique.<br \/>\nLe dispositif Dry-Stop arrete le moteur prevenant le fonctionnement sans eau.<\/p>\n","protected":false},"featured_media":9161,"template":"","meta":[],"product_brand":[],"product_cat":[137,289],"product_tag":[],"class_list":{"0":"post-9115","1":"product","2":"type-product","3":"status-publish","4":"has-post-thumbnail","6":"product_cat-pompes-pour-usage-domestique","7":"product_cat-versions-particulieres","9":"first","10":"instock","11":"shipping-taxable","12":"product-type-simple"},"_links":{"self":[{"href":"https:\/\/www.osip.it\/fr\/wp-json\/wp\/v2\/product\/9115","targetHints":{"allow":["GET"]}}],"collection":[{"href":"https:\/\/www.osip.it\/fr\/wp-json\/wp\/v2\/product"}],"about":[{"href":"https:\/\/www.osip.it\/fr\/wp-json\/wp\/v2\/types\/product"}],"wp:featuredmedia":[{"embeddable":true,"href":"https:\/\/www.osip.it\/fr\/wp-json\/wp\/v2\/media\/9161"}],"wp:attachment":[{"href":"https:\/\/www.osip.it\/fr\/wp-json\/wp\/v2\/media?parent=9115"}],"wp:term":[{"taxonomy":"product_brand","embeddable":true,"href":"https:\/\/www.osip.it\/fr\/wp-json\/wp\/v2\/product_brand?post=9115"},{"taxonomy":"product_cat","embeddable":true,"href":"https:\/\/www.osip.it\/fr\/wp-json\/wp\/v2\/product_cat?post=9115"},{"taxonomy":"product_tag","embeddable":true,"href":"https:\/\/www.osip.it\/fr\/wp-json\/wp\/v2\/product_tag?post=9115"}],"curies":[{"name":"wp","href":"https:\/\/api.w.org\/{rel}","templated":true}]}}