{"id":8792,"date":"2016-06-28T12:50:46","date_gmt":"2016-06-28T10:50:46","guid":{"rendered":"https:\/\/osip.it\/prodotto\/senza%20categoria\/dws-2"},"modified":"2016-11-02T11:16:05","modified_gmt":"2016-11-02T10:16:05","slug":"dws-2","status":"publish","type":"product","link":"https:\/\/www.osip.it\/fr\/pompes-pour-usage-domestique\/puits-profond\/dws-2\/","title":{"rendered":"DWS"},"content":{"rendered":"<p><strong>TYPE:<br \/>\n<\/strong>\u00c9lectropompe auto-amor\u00e7ante.<\/p>\n<p><strong>PROFONDEUR D\u2019 ASPIRATION MAXIMALE:<br \/>\n<\/strong>Ce syst\u00e8me est indiqu\u00e9 pour l\u2019aspiration des eaux de puits avec une diam\u00e8tre minimum de 4\u201d (app. 11 cm). La profondeur d\u2019 aspiration maximale (id\u00e9ale) est approximativement de 15-20 m\u00e8tres avec l\u2019\u00e8jecteur P20 et 20-30 m\u00e8tres avec l\u2019\u00e8jecteur P30 (valeurs variables suivant l\u2019 altitude et la temperature)<\/p>\n<p><strong>USAGE CONSEILL\u00c9:<br \/>\n<\/strong>Petites irrigations (Jardins). Habituellement cette pompe peut \u00eatre \u00e9quipp\u00e9e avec un r\u00e9servoir sous pression qui permet l\u2019utilisation automatique de cette machine.<\/p>\n<p><strong>TEMPERATURES MAX D\u2019UTILISATION:<br \/>\n<\/strong>35 \u00b0C (eau), 40 \u00b0C (environnement).<\/p>\n<p><strong>CARACTERISTIQUES DE CONSTRUCTION:<\/strong><br \/>\nCorps de la pompe:\u00a0Fonte<br \/>\nSupport moteur:\u00a0Aluminium<br \/>\nTurbine: Noryl<br \/>\nDiffuseur: PBT<br \/>\nTenues d&rsquo;\u00e9tanch\u00e9it\u00e9: alumina\u00a0\/ charbon ghraphite<br \/>\nClasse de isolation: F<br \/>\nClasse de protection: IPX4<\/p>\n","protected":false},"excerpt":{"rendered":"<p>Petites irrigations (Jardins). Habituellement cette pompe peut \u00eatre \u00e9quipp\u00e9e avec un r\u00e9servoir sous pression qui permet l\u2019utilisation automatique de cette machine.<\/p>\n","protected":false},"featured_media":3961,"template":"","meta":[],"product_brand":[],"product_cat":[137,222],"product_tag":[],"class_list":{"0":"post-8792","1":"product","2":"type-product","3":"status-publish","4":"has-post-thumbnail","6":"product_cat-pompes-pour-usage-domestique","7":"product_cat-puits-profond","9":"first","10":"instock","11":"shipping-taxable","12":"product-type-simple"},"_links":{"self":[{"href":"https:\/\/www.osip.it\/fr\/wp-json\/wp\/v2\/product\/8792","targetHints":{"allow":["GET"]}}],"collection":[{"href":"https:\/\/www.osip.it\/fr\/wp-json\/wp\/v2\/product"}],"about":[{"href":"https:\/\/www.osip.it\/fr\/wp-json\/wp\/v2\/types\/product"}],"wp:featuredmedia":[{"embeddable":true,"href":"https:\/\/www.osip.it\/fr\/wp-json\/wp\/v2\/media\/3961"}],"wp:attachment":[{"href":"https:\/\/www.osip.it\/fr\/wp-json\/wp\/v2\/media?parent=8792"}],"wp:term":[{"taxonomy":"product_brand","embeddable":true,"href":"https:\/\/www.osip.it\/fr\/wp-json\/wp\/v2\/product_brand?post=8792"},{"taxonomy":"product_cat","embeddable":true,"href":"https:\/\/www.osip.it\/fr\/wp-json\/wp\/v2\/product_cat?post=8792"},{"taxonomy":"product_tag","embeddable":true,"href":"https:\/\/www.osip.it\/fr\/wp-json\/wp\/v2\/product_tag?post=8792"}],"curies":[{"name":"wp","href":"https:\/\/api.w.org\/{rel}","templated":true}]}}