{"id":8777,"date":"2016-07-19T15:40:50","date_gmt":"2016-07-19T13:40:50","guid":{"rendered":"https:\/\/osip.it\/prodotto\/senza categoria\/zm-50-100-150-2"},"modified":"2016-07-19T15:40:50","modified_gmt":"2016-07-19T13:40:50","slug":"zm-50-100-150-2","status":"publish","type":"product","link":"https:\/\/www.osip.it\/fr\/pompes-pour-usage-domestique\/centrifuges\/zm-50-100-150-2\/","title":{"rendered":"ZM 50-100-150"},"content":{"rendered":"<p><strong>TYPE:<br \/>\n<\/strong>\u00c9lectropompe centrifuge monoroue.<br \/>\nCette pompe est capable de garantir un consid\u00e9rable d\u00e9bit et pression costante.<\/p>\n<p><strong>PROFONDEUR D\u2019 ASPIRATION MAXIMALE:<br \/>\n<\/strong>La profondeur d\u2019 aspiration maximale est de 8 m\u00e8tres approximativement (valeur variable suivant l\u2019altitude et la temp\u00e9rature).<\/p>\n<p><strong>USAGE CONSEILL\u00c9:<br \/>\n<\/strong>Usage domestique, petites irrigations (Jardins) et distribution des eaux en g\u00e9n\u00e9ral.\u00a0Habituellement cette pompe peut \u00eatre \u00e9quipp\u00e9e d\u2019un r\u00e9servoir sous pression ou d\u2019 un groupe de contr\u00f4le electronique pour un fonctionnement automatique.<\/p>\n<p><strong>TEMPERATURES MAX D\u2019UTILISATION:<br \/>\n<\/strong>35 \u00b0C (eau), 40 \u00b0C (environnement).<\/p>\n<p><strong>CARACTERISTIQUES DE CONSTRUCTION:<\/strong><br \/>\nCorps de la pompe:\u00a0Fonte<br \/>\nSupport moteur: Aluminium, Fonte (ZM 150)<br \/>\nTurbine: Noryl, Laiton (ZM 150), Laiton pour ZM 100 (sur demande)<br \/>\nTenues d&rsquo;\u00e9tanch\u00e9it\u00e9: Alumina \/ charbon ghraphite<br \/>\nClasse de isolation: F<br \/>\nClasse de protection: IPX4<\/p>\n<p>&nbsp;<\/p>\n","protected":false},"excerpt":{"rendered":"<p>Usage domestique, petites irrigations (Jardins) et distribution des eaux en g\u00e9n\u00e9ral.\u00a0Habituellement cette pompe peut \u00eatre \u00e9quipp\u00e9e d\u2019un r\u00e9servoir sous pression ou d\u2019 un groupe de contr\u00f4le electronique pour un fonctionnement automatique.<\/p>\n","protected":false},"featured_media":4541,"template":"","meta":[],"product_brand":[],"product_cat":[211,137],"product_tag":[],"class_list":{"0":"post-8777","1":"product","2":"type-product","3":"status-publish","4":"has-post-thumbnail","6":"product_cat-centrifuges","7":"product_cat-pompes-pour-usage-domestique","9":"first","10":"instock","11":"shipping-taxable","12":"product-type-simple"},"_links":{"self":[{"href":"https:\/\/www.osip.it\/fr\/wp-json\/wp\/v2\/product\/8777","targetHints":{"allow":["GET"]}}],"collection":[{"href":"https:\/\/www.osip.it\/fr\/wp-json\/wp\/v2\/product"}],"about":[{"href":"https:\/\/www.osip.it\/fr\/wp-json\/wp\/v2\/types\/product"}],"wp:featuredmedia":[{"embeddable":true,"href":"https:\/\/www.osip.it\/fr\/wp-json\/wp\/v2\/media\/4541"}],"wp:attachment":[{"href":"https:\/\/www.osip.it\/fr\/wp-json\/wp\/v2\/media?parent=8777"}],"wp:term":[{"taxonomy":"product_brand","embeddable":true,"href":"https:\/\/www.osip.it\/fr\/wp-json\/wp\/v2\/product_brand?post=8777"},{"taxonomy":"product_cat","embeddable":true,"href":"https:\/\/www.osip.it\/fr\/wp-json\/wp\/v2\/product_cat?post=8777"},{"taxonomy":"product_tag","embeddable":true,"href":"https:\/\/www.osip.it\/fr\/wp-json\/wp\/v2\/product_tag?post=8777"}],"curies":[{"name":"wp","href":"https:\/\/api.w.org\/{rel}","templated":true}]}}