{"id":8765,"date":"2016-07-20T15:39:40","date_gmt":"2016-07-20T13:39:40","guid":{"rendered":"https:\/\/osip.it\/prodotto\/senza%20categoria\/mc-75-105-2"},"modified":"2016-11-03T09:02:23","modified_gmt":"2016-11-03T08:02:23","slug":"mc-75-105-2","status":"publish","type":"product","link":"https:\/\/www.osip.it\/fr\/pompes-pour-usage-domestique\/plusieur-etages\/mc-75-105-2\/","title":{"rendered":"MC 75 &#8211; 105"},"content":{"rendered":"<p><strong>TYPE:<br \/>\n<\/strong>\u00c9lectropompe centrifuge \u00e0 plusieurs \u00e9tages.<br \/>\nCette pompe a l\u2019 avantage de d\u00e9velopper un excellent rendement avec une faible consommation d\u2019\u00e9nergie. Fiable, pratique, silencieuse.<\/p>\n<p><strong>PROFONDEUR D\u2019 ASPIRATION MAXIMALE:<br \/>\n<\/strong>La profondeur d\u2019 aspiration maximale est de 7 m\u00e8tres approximativement (valeur variable suivant l\u2019altitude et la temp\u00e9rature).<\/p>\n<p><strong>USAGE CONSEILL\u00c9:<br \/>\n<\/strong>Id\u00e9ale pour l\u2019 augmentation de la pression dans les syst\u00e8mes hydriques domestiques et pour l\u2019 irrigation des jardins. Cette pompe peut \u00eatre \u00e9quipp\u00e9e d\u2019 un r\u00e9servoir sous pr\u00e9ssion ou d\u2019 un groupe de contr\u00f4le electronique (voir surpresseurs \u00e0 control \u00e9lectronique POWER-TEC)\u00a0pour un fonctionnement automatique.<\/p>\n<p><strong>TEMPERATURES MAX D\u2019UTILISATION:<br \/>\n<\/strong>35 \u00b0C (eau), 40 \u00b0C (environnement).<\/p>\n<p><strong>CARACTERISTIQUES DE CONSTRUCTION:<\/strong><br \/>\nCorps de la pompe: A. Inox AISI 304<br \/>\nSupport moteur: Aluminium<br \/>\nTurbine:\u00a0Noryl<br \/>\nTenues d&rsquo;\u00e9tanch\u00e9it\u00e9: ceramique steatite\u00a0\/ charbon\u00a0graphite<br \/>\nClasse de isolation: F<br \/>\nClasse de protection: IPX4<\/p>\n","protected":false},"excerpt":{"rendered":"<p>Id\u00e9ale pour l\u2019 augmentation de la pression dans les syst\u00e8mes hydriques domestiques et aussi pour l\u2019 irrigation des jardins. Habituellement cette pompe peut \u00eatre \u00e9quipp\u00e9e d\u2019 un r\u00e9servoir sous pr\u00e9ssion ou d\u2019 un groupe de contr\u00f4le electronique (voir surpresseurs \u00e0 control \u00e9lectronique POWER-TEC)\u00a0pour un fonctionnement automatique.<\/p>\n","protected":false},"featured_media":4136,"template":"","meta":[],"product_brand":[],"product_cat":[216,137],"product_tag":[],"class_list":{"0":"post-8765","1":"product","2":"type-product","3":"status-publish","4":"has-post-thumbnail","6":"product_cat-plusieur-etages","7":"product_cat-pompes-pour-usage-domestique","9":"first","10":"instock","11":"shipping-taxable","12":"product-type-simple"},"_links":{"self":[{"href":"https:\/\/www.osip.it\/fr\/wp-json\/wp\/v2\/product\/8765","targetHints":{"allow":["GET"]}}],"collection":[{"href":"https:\/\/www.osip.it\/fr\/wp-json\/wp\/v2\/product"}],"about":[{"href":"https:\/\/www.osip.it\/fr\/wp-json\/wp\/v2\/types\/product"}],"wp:featuredmedia":[{"embeddable":true,"href":"https:\/\/www.osip.it\/fr\/wp-json\/wp\/v2\/media\/4136"}],"wp:attachment":[{"href":"https:\/\/www.osip.it\/fr\/wp-json\/wp\/v2\/media?parent=8765"}],"wp:term":[{"taxonomy":"product_brand","embeddable":true,"href":"https:\/\/www.osip.it\/fr\/wp-json\/wp\/v2\/product_brand?post=8765"},{"taxonomy":"product_cat","embeddable":true,"href":"https:\/\/www.osip.it\/fr\/wp-json\/wp\/v2\/product_cat?post=8765"},{"taxonomy":"product_tag","embeddable":true,"href":"https:\/\/www.osip.it\/fr\/wp-json\/wp\/v2\/product_tag?post=8765"}],"curies":[{"name":"wp","href":"https:\/\/api.w.org\/{rel}","templated":true}]}}