{"id":8748,"date":"2016-07-21T14:05:28","date_gmt":"2016-07-21T12:05:28","guid":{"rendered":"https:\/\/osip.it\/prodotto\/senza%20categoria\/nc-2"},"modified":"2016-10-13T08:46:12","modified_gmt":"2016-10-13T06:46:12","slug":"nc-2","status":"publish","type":"product","link":"https:\/\/www.osip.it\/fr\/industrielles\/normalisees\/nc-2\/","title":{"rendered":"NC"},"content":{"rendered":"<p><strong>TYPE<\/strong>:<br \/>\nPompes centrifuges monobloc \u00e0 axe horizontal, fabriqu\u00e9es conform\u00e9ment aux normes EN 733.<\/p>\n<p><strong>USAGE CONSEILL\u00c9:<\/strong><br \/>\n<span style=\"font-weight: 300;\">Elles trouvent une ample utilisation dans l\u2019approvisionnement d\u2019eau, dans les installations de pressurisation et anti-incendie, refroidissement, chauffage, irrigation, applications agricoles et industrielles; fournies de contre-bride.<\/span><\/p>\n","protected":false},"excerpt":{"rendered":"<p>Elles trouvent une ample utilisation dans l\u2019approvisionnement d\u2019eau, dans les installations de pressurisation et anti-incendie, refroidissement, chauffage, irrigation, applications agricoles et industrielles; fournies de contre-bride.<\/p>\n","protected":false},"featured_media":4206,"template":"","meta":[],"product_brand":[],"product_cat":[132,218],"product_tag":[],"class_list":{"0":"post-8748","1":"product","2":"type-product","3":"status-publish","4":"has-post-thumbnail","6":"product_cat-industrielles","7":"product_cat-normalisees","9":"first","10":"instock","11":"shipping-taxable","12":"product-type-simple"},"_links":{"self":[{"href":"https:\/\/www.osip.it\/fr\/wp-json\/wp\/v2\/product\/8748","targetHints":{"allow":["GET"]}}],"collection":[{"href":"https:\/\/www.osip.it\/fr\/wp-json\/wp\/v2\/product"}],"about":[{"href":"https:\/\/www.osip.it\/fr\/wp-json\/wp\/v2\/types\/product"}],"wp:featuredmedia":[{"embeddable":true,"href":"https:\/\/www.osip.it\/fr\/wp-json\/wp\/v2\/media\/4206"}],"wp:attachment":[{"href":"https:\/\/www.osip.it\/fr\/wp-json\/wp\/v2\/media?parent=8748"}],"wp:term":[{"taxonomy":"product_brand","embeddable":true,"href":"https:\/\/www.osip.it\/fr\/wp-json\/wp\/v2\/product_brand?post=8748"},{"taxonomy":"product_cat","embeddable":true,"href":"https:\/\/www.osip.it\/fr\/wp-json\/wp\/v2\/product_cat?post=8748"},{"taxonomy":"product_tag","embeddable":true,"href":"https:\/\/www.osip.it\/fr\/wp-json\/wp\/v2\/product_tag?post=8748"}],"curies":[{"name":"wp","href":"https:\/\/api.w.org\/{rel}","templated":true}]}}