{"id":8738,"date":"2016-07-22T09:46:46","date_gmt":"2016-07-22T07:46:46","guid":{"rendered":"https:\/\/osip.it\/prodotto\/senza%20categoria\/riva-garden-2"},"modified":"2016-10-20T11:54:58","modified_gmt":"2016-10-20T09:54:58","slug":"riva-garden-2","status":"publish","type":"product","link":"https:\/\/www.osip.it\/fr\/pompes-pour-usage-domestique\/portables-fr\/riva-garden-2\/","title":{"rendered":"RIVA Garden"},"content":{"rendered":"<p><strong>TYPE:<br \/>\n<\/strong>\u00c9lectropompe auto-amor\u00e7ante.<br \/>\nCette d\u00e9finition indique la capacit\u00e9 d\u2019aspiration de l\u2019eau claire m\u00eame en pr\u00e9sence de bulles d\u2019air.<\/p>\n<p><strong>PROFONDEUR D\u2019 ASPIRATION MAXIMALE:<br \/>\n<\/strong>La profondeur d\u2019 aspiration maximale est de 9 m\u00e8tres approximativement (valeur variable suivant l\u2019altitude et la temp\u00e9rature).<\/p>\n<p><strong>USAGE CONSEILL\u00c9:<br \/>\n<\/strong>Usage domestique, petites irrigations (Jardins) et distribution des eaux en g\u00e9n\u00e9ral.<\/p>\n<p><strong>TEMPERATURES MAX D\u2019UTILISATION:<br \/>\n<\/strong>35 \u00b0C (eau), 40 \u00b0C (environnement).<\/p>\n<p><strong>CARACTERISTIQUES DE CONSTRUCTION:<br \/>\n<\/strong><span style=\"font-weight: 300;\">Corps de la pompe:\u00a0Polypropilene<br \/>\n<\/span><span style=\"font-weight: 300;\">Support moteur:\u00a0Aluminium<br \/>\nTurbine: Noryl (sur demande: laiton)<br \/>\nDiffuseur: PBT<br \/>\nTenues d&rsquo;\u00e9tanch\u00e9it\u00e9: Alumina \/ charbon ghraphite<br \/>\nClasse de isolation: F<br \/>\nClasse de protection: IPX4<br \/>\n<\/span><\/p>\n","protected":false},"excerpt":{"rendered":"<p>Usage domestique, petites irrigations (Jardins) et distribution des eaux en g\u00e9n\u00e9ral.<\/p>\n","protected":false},"featured_media":8298,"template":"","meta":[],"product_brand":[],"product_cat":[137,224],"product_tag":[],"class_list":{"0":"post-8738","1":"product","2":"type-product","3":"status-publish","4":"has-post-thumbnail","6":"product_cat-pompes-pour-usage-domestique","7":"product_cat-portables-fr","9":"first","10":"instock","11":"shipping-taxable","12":"product-type-simple"},"_links":{"self":[{"href":"https:\/\/www.osip.it\/fr\/wp-json\/wp\/v2\/product\/8738","targetHints":{"allow":["GET"]}}],"collection":[{"href":"https:\/\/www.osip.it\/fr\/wp-json\/wp\/v2\/product"}],"about":[{"href":"https:\/\/www.osip.it\/fr\/wp-json\/wp\/v2\/types\/product"}],"wp:featuredmedia":[{"embeddable":true,"href":"https:\/\/www.osip.it\/fr\/wp-json\/wp\/v2\/media\/8298"}],"wp:attachment":[{"href":"https:\/\/www.osip.it\/fr\/wp-json\/wp\/v2\/media?parent=8738"}],"wp:term":[{"taxonomy":"product_brand","embeddable":true,"href":"https:\/\/www.osip.it\/fr\/wp-json\/wp\/v2\/product_brand?post=8738"},{"taxonomy":"product_cat","embeddable":true,"href":"https:\/\/www.osip.it\/fr\/wp-json\/wp\/v2\/product_cat?post=8738"},{"taxonomy":"product_tag","embeddable":true,"href":"https:\/\/www.osip.it\/fr\/wp-json\/wp\/v2\/product_tag?post=8738"}],"curies":[{"name":"wp","href":"https:\/\/api.w.org\/{rel}","templated":true}]}}