{"id":8729,"date":"2016-07-21T16:28:03","date_gmt":"2016-07-21T14:28:03","guid":{"rendered":"https:\/\/osip.it\/prodotto\/senza%20categoria\/turbo-2"},"modified":"2016-11-17T09:23:38","modified_gmt":"2016-11-17T08:23:38","slug":"turbo-2","status":"publish","type":"product","link":"https:\/\/www.osip.it\/fr\/pompes-pour-usage-domestique\/immergees\/turbo-2\/","title":{"rendered":"TURBO"},"content":{"rendered":"<p><strong>TYPE:<br \/>\n<\/strong>\u00c9lectropompe immerg\u00e9e.<br \/>\nCette pompe extr\u00eamement fiable et universelle est utilis\u00e9e pour une vaste gamme d\u2019applications avec les eaux claires et non aggressives chimiquement.<\/p>\n<p><strong>PROFONDEUR D\u2019 IMMERSION MAXIMALE:<br \/>\n<\/strong>5 m\u00e8tres.<\/p>\n<p><strong>USAGE CONSEILL\u00c9:<br \/>\n<\/strong>Pour le transfer des eaux cliares des bassins ou citernes. Collecte des eaux pluviales et drainage des eaux us\u00e9es.<\/p>\n<p><strong>TEMPERATURE MAX D\u2019UTILISATION:<br \/>\n<\/strong>35 \u00b0C (eau).<\/p>\n<p><strong>CARACTERISTIQUES DE CONSTRUCTION:<\/strong><br \/>\nCorps de la pompe: A. Inox AISI 304<br \/>\nSupport moteur: A. Inox AISI 304<br \/>\nTurbine: Noryl<br \/>\nTenues d&rsquo;\u00e9tanch\u00e9it\u00e9: joints\u00a0d&rsquo;\u00e9tanch\u00e9it\u00e9 \u00e0 haute r\u00e9sistance<br \/>\nClasse de isolation: F<br \/>\nClasse de protection: IP68<\/p>\n<p><strong>\u00a0<\/strong><\/p>\n","protected":false},"excerpt":{"rendered":"<p>Pour le transfer des eaux cliares des bassins ou citernes. Collecte des eaux pluviales et drainage des eaux us\u00e9es.<\/p>\n","protected":false},"featured_media":7479,"template":"","meta":[],"product_brand":[],"product_cat":[226,137],"product_tag":[],"class_list":{"0":"post-8729","1":"product","2":"type-product","3":"status-publish","4":"has-post-thumbnail","6":"product_cat-immergees","7":"product_cat-pompes-pour-usage-domestique","9":"first","10":"instock","11":"shipping-taxable","12":"product-type-simple"},"_links":{"self":[{"href":"https:\/\/www.osip.it\/fr\/wp-json\/wp\/v2\/product\/8729","targetHints":{"allow":["GET"]}}],"collection":[{"href":"https:\/\/www.osip.it\/fr\/wp-json\/wp\/v2\/product"}],"about":[{"href":"https:\/\/www.osip.it\/fr\/wp-json\/wp\/v2\/types\/product"}],"wp:featuredmedia":[{"embeddable":true,"href":"https:\/\/www.osip.it\/fr\/wp-json\/wp\/v2\/media\/7479"}],"wp:attachment":[{"href":"https:\/\/www.osip.it\/fr\/wp-json\/wp\/v2\/media?parent=8729"}],"wp:term":[{"taxonomy":"product_brand","embeddable":true,"href":"https:\/\/www.osip.it\/fr\/wp-json\/wp\/v2\/product_brand?post=8729"},{"taxonomy":"product_cat","embeddable":true,"href":"https:\/\/www.osip.it\/fr\/wp-json\/wp\/v2\/product_cat?post=8729"},{"taxonomy":"product_tag","embeddable":true,"href":"https:\/\/www.osip.it\/fr\/wp-json\/wp\/v2\/product_tag?post=8729"}],"curies":[{"name":"wp","href":"https:\/\/api.w.org\/{rel}","templated":true}]}}