{"id":8712,"date":"2016-07-22T09:20:19","date_gmt":"2016-07-22T07:20:19","guid":{"rendered":"https:\/\/osip.it\/prodotto\/senza%20categoria\/rio-2"},"modified":"2016-10-21T12:04:51","modified_gmt":"2016-10-21T10:04:51","slug":"rio-2","status":"publish","type":"product","link":"https:\/\/www.osip.it\/fr\/pompes-pour-usage-domestique\/immergees\/rio-2\/","title":{"rendered":"RIO"},"content":{"rendered":"<p><strong>TYPE:<br \/>\n<\/strong>\u00c9lectropompe immerg\u00e9e \u00e0 plusieurs \u00e9tages.<br \/>\nElles sont id\u00e9ales pour le pompage d\u2019eau claire des puits d\u2019une moyenne profondeur en obtenant des performances \u00e9lev\u00e9es au niveau de d\u00e9bit et de pression.<\/p>\n<p><strong>PROFONDEUR D\u2019 IMMERSION MAXIMALE:<br \/>\n<\/strong>15 m\u00e8tres<\/p>\n<p><strong>USAGE CONSEILL\u00c9:<br \/>\n<\/strong>Approvisionnement des eaux des puits, des bassins de r\u00e9ception et des citernes et le recyclage de l\u2019eau de pluie. Ces pompes sont ideales pour les syst\u00e8mes hydriques d\u2019irrigation domestiques.<\/p>\n<p><strong>TEMPERATURE MAX D\u2019UTILISATION:<br \/>\n<\/strong>35 \u00b0C (eau).<\/p>\n<p><strong>CARACTERISTIQUES DE CONSTRUCTION:<\/strong><br \/>\nCorps de la pompe: A. Inox AISI 304<br \/>\nSupport moteur: A. Inox AISI 304<br \/>\nTurbine: A. Inox AISI 304<br \/>\nTenues d&rsquo;\u00e9tanch\u00e9it\u00e9: Alumina \/ charbon ghraphite<br \/>\nClasse de isolation: F<br \/>\nClasse de protection: IP68<\/p>\n","protected":false},"excerpt":{"rendered":"<p>Approvisionnement des eaux des puits, des bassins de r\u00e9ception et des citernes et le recyclage de l\u2019eau de pluie. Ces pompes sont ideales pour les syst\u00e8mes hydriques d\u2019irrigation domestiques.<\/p>\n","protected":false},"featured_media":7731,"template":"","meta":[],"product_brand":[],"product_cat":[226,137],"product_tag":[],"class_list":{"0":"post-8712","1":"product","2":"type-product","3":"status-publish","4":"has-post-thumbnail","6":"product_cat-immergees","7":"product_cat-pompes-pour-usage-domestique","9":"first","10":"instock","11":"shipping-taxable","12":"product-type-simple"},"_links":{"self":[{"href":"https:\/\/www.osip.it\/fr\/wp-json\/wp\/v2\/product\/8712","targetHints":{"allow":["GET"]}}],"collection":[{"href":"https:\/\/www.osip.it\/fr\/wp-json\/wp\/v2\/product"}],"about":[{"href":"https:\/\/www.osip.it\/fr\/wp-json\/wp\/v2\/types\/product"}],"wp:featuredmedia":[{"embeddable":true,"href":"https:\/\/www.osip.it\/fr\/wp-json\/wp\/v2\/media\/7731"}],"wp:attachment":[{"href":"https:\/\/www.osip.it\/fr\/wp-json\/wp\/v2\/media?parent=8712"}],"wp:term":[{"taxonomy":"product_brand","embeddable":true,"href":"https:\/\/www.osip.it\/fr\/wp-json\/wp\/v2\/product_brand?post=8712"},{"taxonomy":"product_cat","embeddable":true,"href":"https:\/\/www.osip.it\/fr\/wp-json\/wp\/v2\/product_cat?post=8712"},{"taxonomy":"product_tag","embeddable":true,"href":"https:\/\/www.osip.it\/fr\/wp-json\/wp\/v2\/product_tag?post=8712"}],"curies":[{"name":"wp","href":"https:\/\/api.w.org\/{rel}","templated":true}]}}