{"id":8691,"date":"2016-07-22T12:21:30","date_gmt":"2016-07-22T10:21:30","guid":{"rendered":"https:\/\/osip.it\/prodotto\/senza%20categoria\/b-jet-press-2"},"modified":"2016-10-20T11:53:47","modified_gmt":"2016-10-20T09:53:47","slug":"b-jet-press-2","status":"publish","type":"product","link":"https:\/\/www.osip.it\/fr\/pompes-pour-usage-domestique\/surpresseurs\/b-jet-press-2\/","title":{"rendered":"B-JET Press"},"content":{"rendered":"<p><strong>CARACTERISTIQUES PRINCIPALES:<\/strong><br \/>\nGroupe automatique de pression pour usage dom\u00e9stique, \u00e9quip\u00e9 de r\u00e9servoir 24 litres et membrane en caoutchouc EPDM , pressostat avec c\u00e2ble et manom\u00e8tre.<\/p>\n<p><strong>USAGE CONSEILL\u00c9:<\/strong><br \/>\nApplications domestiques, petites irrigations m\u00e9canis\u00e9es, augmentation de la pression de r\u00e9seau, etc.<\/p>\n<p><strong>CARACTERISTIQUES DE CONSTRUCTION:<\/strong><br \/>\nCorps de la pompe:\u00a0Fonte<br \/>\nSupport moteur: Fonte<br \/>\nTurbine: Noryl (sur demande: laiton)<br \/>\nDiffuseur: Noryl<br \/>\nTenues d&rsquo;\u00e9tanch\u00e9it\u00e9: ceramique steatite\/ charbon graphite<br \/>\nClasse de isolation: F<br \/>\nClasse de protection: IPX4<\/p>\n","protected":false},"excerpt":{"rendered":"<p>Groupe automatique de pression pour usage dom\u00e9stique, \u00e9quip\u00e9 de r\u00e9servoir 24 litres et membrane en caoutchouc EPDM , pressostat avec c\u00e2ble et manom\u00e8tre.<\/p>\n","protected":false},"featured_media":3931,"template":"","meta":[],"product_brand":[],"product_cat":[137,208],"product_tag":[],"class_list":{"0":"post-8691","1":"product","2":"type-product","3":"status-publish","4":"has-post-thumbnail","6":"product_cat-pompes-pour-usage-domestique","7":"product_cat-surpresseurs","9":"first","10":"instock","11":"shipping-taxable","12":"product-type-simple"},"_links":{"self":[{"href":"https:\/\/www.osip.it\/fr\/wp-json\/wp\/v2\/product\/8691","targetHints":{"allow":["GET"]}}],"collection":[{"href":"https:\/\/www.osip.it\/fr\/wp-json\/wp\/v2\/product"}],"about":[{"href":"https:\/\/www.osip.it\/fr\/wp-json\/wp\/v2\/types\/product"}],"wp:featuredmedia":[{"embeddable":true,"href":"https:\/\/www.osip.it\/fr\/wp-json\/wp\/v2\/media\/3931"}],"wp:attachment":[{"href":"https:\/\/www.osip.it\/fr\/wp-json\/wp\/v2\/media?parent=8691"}],"wp:term":[{"taxonomy":"product_brand","embeddable":true,"href":"https:\/\/www.osip.it\/fr\/wp-json\/wp\/v2\/product_brand?post=8691"},{"taxonomy":"product_cat","embeddable":true,"href":"https:\/\/www.osip.it\/fr\/wp-json\/wp\/v2\/product_cat?post=8691"},{"taxonomy":"product_tag","embeddable":true,"href":"https:\/\/www.osip.it\/fr\/wp-json\/wp\/v2\/product_tag?post=8691"}],"curies":[{"name":"wp","href":"https:\/\/api.w.org\/{rel}","templated":true}]}}