{"id":8677,"date":"2016-07-22T14:14:46","date_gmt":"2016-07-22T12:14:46","guid":{"rendered":"https:\/\/osip.it\/prodotto\/senza%20categoria\/power-tec-2"},"modified":"2016-10-12T09:43:13","modified_gmt":"2016-10-12T07:43:13","slug":"power-tec-2","status":"publish","type":"product","link":"https:\/\/www.osip.it\/fr\/pompes-pour-usage-domestique\/groupes-electroniques\/power-tec-2\/","title":{"rendered":"POWER Tec"},"content":{"rendered":"<p><strong>CARACTERISTIQUES PRINCIPALES:<\/strong><br \/>\nCe groupe de pressurisation \u00a0\u00e9lectro-command\u00e9 est parfait pour des syst\u00e8mes \u00a0de pressurisation domestiques et petites irrigations. Il est form\u00e9 par une pompe MC\u00a075-105 et par le dispositif de contr\u00f4le \u00e9lectronique \u00ab\u00a0Optimatic\u00a0\u00bb qui assure un rendement optimal, en gardant toujours la pression maximale et constante. Le dispositif est \u00a0\u00e9quip\u00e9 d&rsquo;un petit r\u00e9servoir \u00e0 membrane pour \u00e9viter tous inconv\u00e9nients \u00a0tant que les probables\u00a0fuites \u00a0dans le syst\u00e8me. De plus, le dispositif \u00ab\u00a0Dry Stop\u00a0\u00bb prot\u00e8ge la pompe du \u00a0fonctionnement \u00e0 sec.<\/p>\n<p><strong>CARACTERISTIQUES DE CONSTRUCTION:<\/strong><br \/>\nCorps de la pompe: A. Inox AISI 304<br \/>\nSupport moteur: Aluminium<br \/>\nTurbine: Noryl<br \/>\nTenues d&rsquo;\u00e9tanch\u00e9it\u00e9: ceramique st\u00e9atite \/ carbon graphite<br \/>\nClasse de isolation: F<br \/>\nClasse de protection: IPX4<\/p>\n","protected":false},"excerpt":{"rendered":"<p>Ce groupe de pressurisation \u00a0\u00e9lectro-command\u00e9 est parfait pour des syst\u00e8mes \u00a0de pressurisation domestiques et petites irrigations. Il est form\u00e9 par une pompe MC\u00a075-105 et par le dispositif de contr\u00f4le \u00e9lectronique \u00ab\u00a0Optimatic\u00a0\u00bb qui assure un rendement optimal, en gardant toujours la pression maximale et constante. Le dispositif est \u00a0\u00e9quip\u00e9 d&rsquo;un petit r\u00e9servoir \u00e0 membrane pour \u00e9viter tous inconv\u00e9nients \u00a0tant que les probables\u00a0fuites \u00a0dans le syst\u00e8me. De plus, le dispositif \u00ab\u00a0Dry Stop\u00a0\u00bb prot\u00e8ge la pompe du \u00a0fonctionnement \u00e0 sec.<\/p>\n","protected":false},"featured_media":7989,"template":"","meta":[],"product_brand":[],"product_cat":[215,137],"product_tag":[],"class_list":{"0":"post-8677","1":"product","2":"type-product","3":"status-publish","4":"has-post-thumbnail","6":"product_cat-groupes-electroniques","7":"product_cat-pompes-pour-usage-domestique","9":"first","10":"instock","11":"shipping-taxable","12":"product-type-simple"},"_links":{"self":[{"href":"https:\/\/www.osip.it\/fr\/wp-json\/wp\/v2\/product\/8677","targetHints":{"allow":["GET"]}}],"collection":[{"href":"https:\/\/www.osip.it\/fr\/wp-json\/wp\/v2\/product"}],"about":[{"href":"https:\/\/www.osip.it\/fr\/wp-json\/wp\/v2\/types\/product"}],"wp:featuredmedia":[{"embeddable":true,"href":"https:\/\/www.osip.it\/fr\/wp-json\/wp\/v2\/media\/7989"}],"wp:attachment":[{"href":"https:\/\/www.osip.it\/fr\/wp-json\/wp\/v2\/media?parent=8677"}],"wp:term":[{"taxonomy":"product_brand","embeddable":true,"href":"https:\/\/www.osip.it\/fr\/wp-json\/wp\/v2\/product_brand?post=8677"},{"taxonomy":"product_cat","embeddable":true,"href":"https:\/\/www.osip.it\/fr\/wp-json\/wp\/v2\/product_cat?post=8677"},{"taxonomy":"product_tag","embeddable":true,"href":"https:\/\/www.osip.it\/fr\/wp-json\/wp\/v2\/product_tag?post=8677"}],"curies":[{"name":"wp","href":"https:\/\/api.w.org\/{rel}","templated":true}]}}