{"id":8671,"date":"2016-07-22T14:33:48","date_gmt":"2016-07-22T12:33:48","guid":{"rendered":"https:\/\/osip.it\/prodotto\/senza%20categoria\/mcn-g-2"},"modified":"2016-11-17T09:46:00","modified_gmt":"2016-11-17T08:46:00","slug":"mcn-g-2","status":"publish","type":"product","link":"https:\/\/www.osip.it\/fr\/pompes-pour-usage-domestique\/groupes-electroniques\/mcn-g-2\/","title":{"rendered":"MCN-G"},"content":{"rendered":"<p><strong>TYPE:<\/strong><br \/>\nGroupes surpresseurs automatiques avec inverter et construit avec pompes MC 130 N.<\/p>\n<p><strong>DESCRIPTION:<\/strong><br \/>\nGroupes surpresseurs automatiques avec deux pompes c\u00e9ntrifuges \u00e0 plusieurs \u00e9tages en acier inox et pressostat \u00e9lectronique (MCN -G) ou variaterur sous demande\u00a0(MCN-IV). Ce syst\u00e8me permet la r\u00e9gularisation automatique de l&rsquo;une ou des deux pompes suivant les n\u00e9cessites d&rsquo;utilisation finale et en plus est un syst\u00e8me qui garantit un haut d\u00e9bit et mieux encore permit la r\u00e9duction de consommation d&rsquo;\u00e9nergie. Le groupe peut-\u00eatre configur\u00e9 suivant la demande du client.<\/p>\n<p><strong>CARACTERISTIQUES DE CONSTRUCTION:<\/strong><br \/>\nCorps de la pompe: A. Inox AISI 304<br \/>\nSupport moteur: Aluminium<br \/>\nTurbine:\u00a0Noryl<br \/>\nTenues d&rsquo;\u00e9tanch\u00e9it\u00e9: ceramique st\u00e9atite \/ carbon graphite<br \/>\nClasse de isolation: F<br \/>\nClasse de protection: IPX4<\/p>\n","protected":false},"excerpt":{"rendered":"<p>Groupes surpresseurs automatiques avec deux pompes c\u00e9ntrifuges \u00e0 plusieurs \u00e9tages en acier inox et pressostat \u00e9lectronique (MCN -G) ou variaterur sous demande\u00a0(MCN-IV). Ce syst\u00e8me permet la r\u00e9gularisation automatique de l&rsquo;une ou des deux pompes suivant les n\u00e9cessites d&rsquo;utilisation finale et en plus est un syst\u00e8me qui garantit un haut d\u00e9bit et mieux encore permit la r\u00e9duction de consommation d&rsquo;\u00e9nergie. Le groupe peut-\u00eatre configur\u00e9 suivant la demande du client.<\/p>\n","protected":false},"featured_media":8010,"template":"","meta":[],"product_brand":[],"product_cat":[215,137],"product_tag":[],"class_list":{"0":"post-8671","1":"product","2":"type-product","3":"status-publish","4":"has-post-thumbnail","6":"product_cat-groupes-electroniques","7":"product_cat-pompes-pour-usage-domestique","9":"first","10":"instock","11":"shipping-taxable","12":"product-type-simple"},"_links":{"self":[{"href":"https:\/\/www.osip.it\/fr\/wp-json\/wp\/v2\/product\/8671","targetHints":{"allow":["GET"]}}],"collection":[{"href":"https:\/\/www.osip.it\/fr\/wp-json\/wp\/v2\/product"}],"about":[{"href":"https:\/\/www.osip.it\/fr\/wp-json\/wp\/v2\/types\/product"}],"wp:featuredmedia":[{"embeddable":true,"href":"https:\/\/www.osip.it\/fr\/wp-json\/wp\/v2\/media\/8010"}],"wp:attachment":[{"href":"https:\/\/www.osip.it\/fr\/wp-json\/wp\/v2\/media?parent=8671"}],"wp:term":[{"taxonomy":"product_brand","embeddable":true,"href":"https:\/\/www.osip.it\/fr\/wp-json\/wp\/v2\/product_brand?post=8671"},{"taxonomy":"product_cat","embeddable":true,"href":"https:\/\/www.osip.it\/fr\/wp-json\/wp\/v2\/product_cat?post=8671"},{"taxonomy":"product_tag","embeddable":true,"href":"https:\/\/www.osip.it\/fr\/wp-json\/wp\/v2\/product_tag?post=8671"}],"curies":[{"name":"wp","href":"https:\/\/api.w.org\/{rel}","templated":true}]}}