{"id":8659,"date":"2016-07-25T14:06:09","date_gmt":"2016-07-25T12:06:09","guid":{"rendered":"https:\/\/osip.it\/prodotto\/senza%20categoria\/xrs-2"},"modified":"2016-11-28T11:50:18","modified_gmt":"2016-11-28T10:50:18","slug":"xrs-2","status":"publish","type":"product","link":"https:\/\/www.osip.it\/fr\/pompes-de-drainage\/xrs-2\/","title":{"rendered":"XRS"},"content":{"rendered":"<p><strong>TYPE:<br \/>\n<\/strong>\u00c9lectropompe immerg\u00e9e.<br \/>\nCette pompe extr\u00eamement fiable et universelle est utilis\u00e9e pour une vaste gamme d\u2019applications avec de l\u2019eau charg\u00e9e et liquides chimiques non agressifs cont\u00e9nant des corps solides.<\/p>\n<p><strong>PROFONDEUR D\u2019 IMMERSION MAXIMALE:<br \/>\n<\/strong>La profondeur d\u2019 immersion maximale est de 5 m\u00e8tres.<\/p>\n<p><strong>USAGE CONSEILL\u00c9:<br \/>\n<\/strong>Dess\u00e9chement des caves, fontaines, irrigations des jardins et transvasement des liquides<\/p>\n<p><strong>TEMPERATURE MAX D\u2019UTILISATION:<br \/>\n<\/strong>35 \u00b0C (eau).<\/p>\n<p><strong>CARACTERISTIQUES CONSTRUCTIVES:<br \/>\n<\/strong>Corps de la pompe: Fonte<br \/>\nSupport moteur: Fonte<br \/>\nArbre moteur: A. inox AISI 420<br \/>\nTurbine: A. Inox AISI 304<br \/>\nTenues d&rsquo;\u00e9tanch\u00e9it\u00e9: Carbure de Silicum + Alumina<br \/>\nClasse de isolation: F<br \/>\nClasse de protection: IP68<\/p>\n","protected":false},"excerpt":{"rendered":"<p>Dess\u00e9chement des caves, fontaines, irrigations des jardins e transvasement des liquides<\/p>\n","protected":false},"featured_media":10611,"template":"","meta":[],"product_brand":[],"product_cat":[229],"product_tag":[],"class_list":{"0":"post-8659","1":"product","2":"type-product","3":"status-publish","4":"has-post-thumbnail","6":"product_cat-pompes-de-drainage","8":"first","9":"instock","10":"shipping-taxable","11":"product-type-simple"},"_links":{"self":[{"href":"https:\/\/www.osip.it\/fr\/wp-json\/wp\/v2\/product\/8659","targetHints":{"allow":["GET"]}}],"collection":[{"href":"https:\/\/www.osip.it\/fr\/wp-json\/wp\/v2\/product"}],"about":[{"href":"https:\/\/www.osip.it\/fr\/wp-json\/wp\/v2\/types\/product"}],"wp:featuredmedia":[{"embeddable":true,"href":"https:\/\/www.osip.it\/fr\/wp-json\/wp\/v2\/media\/10611"}],"wp:attachment":[{"href":"https:\/\/www.osip.it\/fr\/wp-json\/wp\/v2\/media?parent=8659"}],"wp:term":[{"taxonomy":"product_brand","embeddable":true,"href":"https:\/\/www.osip.it\/fr\/wp-json\/wp\/v2\/product_brand?post=8659"},{"taxonomy":"product_cat","embeddable":true,"href":"https:\/\/www.osip.it\/fr\/wp-json\/wp\/v2\/product_cat?post=8659"},{"taxonomy":"product_tag","embeddable":true,"href":"https:\/\/www.osip.it\/fr\/wp-json\/wp\/v2\/product_tag?post=8659"}],"curies":[{"name":"wp","href":"https:\/\/api.w.org\/{rel}","templated":true}]}}