{"id":8653,"date":"2016-07-25T14:41:09","date_gmt":"2016-07-25T12:41:09","guid":{"rendered":"https:\/\/osip.it\/prodotto\/senza%20categoria\/tecno-2"},"modified":"2016-11-17T10:34:25","modified_gmt":"2016-11-17T09:34:25","slug":"tecno-2","status":"publish","type":"product","link":"https:\/\/www.osip.it\/fr\/pompes-de-drainage\/tecno-2\/","title":{"rendered":"TECNO"},"content":{"rendered":"<p><strong>TYPE:<br \/>\n<\/strong>\u00c9lectrompompes sumergibles \u00e0 turbine multicanaux ouverte.<strong><br \/>\n<\/strong><\/p>\n<p><strong>USAGE CONSEILL\u00c9:<br \/>\n<\/strong>\u00c9vacuation des eaux d\u2019habitations collectives et tertiaires.<\/p>\n<p><strong>PROFONDEUR D\u2019 IMMERSION MAXIMALE:<br \/>\n<\/strong>La profondeur d\u2019 immersion maximale est de 5 m\u00e8tres (TECNO\u00a01-2-3-4) et de 10 metres (TECNO\u00a05-6-7-8-10-11).<\/p>\n<p><strong>TEMPERATURE MAX D\u2019UTILISATION:<br \/>\n<\/strong>35 \u00b0C (eau).<\/p>\n<p><strong>CARACTERISTIQUES CONSTRUCTIVES:<br \/>\n<\/strong>Corps de la pompe: Fonte<br \/>\nSupport moteur: Fonte<br \/>\nArbre moteur: A. inox AISI 420<br \/>\nTurbine: Fonte<br \/>\nTenues d&rsquo;\u00e9tanch\u00e9it\u00e9: Carbure de Silicum + Alumina<br \/>\nClasse de isolation: F<br \/>\nClasse de protection: IP68<\/p>\n","protected":false},"excerpt":{"rendered":"<p>\u00c9vacuation des eaux d\u2019habitations collectives et tertiaires.<\/p>\n","protected":false},"featured_media":7776,"template":"","meta":[],"product_brand":[],"product_cat":[229],"product_tag":[],"class_list":{"0":"post-8653","1":"product","2":"type-product","3":"status-publish","4":"has-post-thumbnail","6":"product_cat-pompes-de-drainage","8":"first","9":"instock","10":"shipping-taxable","11":"product-type-simple"},"_links":{"self":[{"href":"https:\/\/www.osip.it\/fr\/wp-json\/wp\/v2\/product\/8653","targetHints":{"allow":["GET"]}}],"collection":[{"href":"https:\/\/www.osip.it\/fr\/wp-json\/wp\/v2\/product"}],"about":[{"href":"https:\/\/www.osip.it\/fr\/wp-json\/wp\/v2\/types\/product"}],"wp:featuredmedia":[{"embeddable":true,"href":"https:\/\/www.osip.it\/fr\/wp-json\/wp\/v2\/media\/7776"}],"wp:attachment":[{"href":"https:\/\/www.osip.it\/fr\/wp-json\/wp\/v2\/media?parent=8653"}],"wp:term":[{"taxonomy":"product_brand","embeddable":true,"href":"https:\/\/www.osip.it\/fr\/wp-json\/wp\/v2\/product_brand?post=8653"},{"taxonomy":"product_cat","embeddable":true,"href":"https:\/\/www.osip.it\/fr\/wp-json\/wp\/v2\/product_cat?post=8653"},{"taxonomy":"product_tag","embeddable":true,"href":"https:\/\/www.osip.it\/fr\/wp-json\/wp\/v2\/product_tag?post=8653"}],"curies":[{"name":"wp","href":"https:\/\/api.w.org\/{rel}","templated":true}]}}