{"id":8641,"date":"2016-07-25T15:10:06","date_gmt":"2016-07-25T13:10:06","guid":{"rendered":"https:\/\/osip.it\/prodotto\/senza%20categoria\/hm-2"},"modified":"2016-10-06T09:15:00","modified_gmt":"2016-10-06T07:15:00","slug":"hm-2","status":"publish","type":"product","link":"https:\/\/www.osip.it\/fr\/pompes-de-drainage\/hm-2\/","title":{"rendered":"HM"},"content":{"rendered":"<p><strong>TYPE:<\/strong><br \/>\n\u00c9lectropompes sumergibles \u00e0 turbine monocanal ferm\u00e9e.<\/p>\n<p><strong>USAGE CONSEILL\u00c9:<br \/>\n<\/strong>Pompage des eaux propres, des liquides contenants des corps solides et des courtes fibres, des eaux d\u2019\u00e9gout et des boues.<\/p>\n<p><strong>PROFONDEUR D\u2019 IMMERSION MAXIMALE:<br \/>\n<\/strong>La profondeur d\u2019 immersion maximale est de 10 m\u00e8tres.<\/p>\n<p><strong>TEMPERATURE MAX D\u2019UTILISATION:<br \/>\n<\/strong>35 \u00b0C (eau).<\/p>\n<p><strong>CARACTERISTIQUES CONSTRUCTIVES:<br \/>\n<\/strong>Corps de la pompe: Fonte<br \/>\nSupport moteur: Fonte<br \/>\nArbre moteur: A. inox AISI 420<br \/>\nTurbine: Fonte<br \/>\nTenues d&rsquo;\u00e9tanch\u00e9it\u00e9: Carbure de Silicum + Ceramique\/Graphite<br \/>\nClasse de isolation: F<br \/>\nClasse de protection: IP68<\/p>\n","protected":false},"excerpt":{"rendered":"<p>Pompage des eaux propres, des liquides contenants des corps solides et des courtes fibres, des eaux d\u2019\u00e9gout et des boues.<\/p>\n","protected":false},"featured_media":7566,"template":"","meta":[],"product_brand":[],"product_cat":[229],"product_tag":[],"class_list":{"0":"post-8641","1":"product","2":"type-product","3":"status-publish","4":"has-post-thumbnail","6":"product_cat-pompes-de-drainage","8":"first","9":"instock","10":"shipping-taxable","11":"product-type-simple"},"_links":{"self":[{"href":"https:\/\/www.osip.it\/fr\/wp-json\/wp\/v2\/product\/8641","targetHints":{"allow":["GET"]}}],"collection":[{"href":"https:\/\/www.osip.it\/fr\/wp-json\/wp\/v2\/product"}],"about":[{"href":"https:\/\/www.osip.it\/fr\/wp-json\/wp\/v2\/types\/product"}],"wp:featuredmedia":[{"embeddable":true,"href":"https:\/\/www.osip.it\/fr\/wp-json\/wp\/v2\/media\/7566"}],"wp:attachment":[{"href":"https:\/\/www.osip.it\/fr\/wp-json\/wp\/v2\/media?parent=8641"}],"wp:term":[{"taxonomy":"product_brand","embeddable":true,"href":"https:\/\/www.osip.it\/fr\/wp-json\/wp\/v2\/product_brand?post=8641"},{"taxonomy":"product_cat","embeddable":true,"href":"https:\/\/www.osip.it\/fr\/wp-json\/wp\/v2\/product_cat?post=8641"},{"taxonomy":"product_tag","embeddable":true,"href":"https:\/\/www.osip.it\/fr\/wp-json\/wp\/v2\/product_tag?post=8641"}],"curies":[{"name":"wp","href":"https:\/\/api.w.org\/{rel}","templated":true}]}}