{"id":8638,"date":"2016-07-25T15:20:07","date_gmt":"2016-07-25T13:20:07","guid":{"rendered":"https:\/\/osip.it\/prodotto\/senza%20categoria\/qm-2"},"modified":"2016-10-05T12:13:52","modified_gmt":"2016-10-05T10:13:52","slug":"qm-2","status":"publish","type":"product","link":"https:\/\/www.osip.it\/fr\/pompes-de-drainage\/qm-2\/","title":{"rendered":"QM"},"content":{"rendered":"<p><strong>TYPE:<\/strong><br \/>\n\u00c9lectropompes sumergibles \u00e0 turbine monocanal ouverte.<\/p>\n<p><strong>USAGE CONSEILL\u00c9:<br \/>\n<\/strong>Pompage des eaux propres, des liquides contenants des corps solides et des courtes fibres, des eaux d\u2019\u00e9gout et des boues.<\/p>\n<p><strong>PROFONDEUR D\u2019 IMMERSION MAXIMALE:<br \/>\n<\/strong>La profondeur d\u2019 immersion maximale est de 10 m\u00e8tres.<\/p>\n<p><strong>TEMPERATURE MAX D\u2019UTILISATION:<br \/>\n<\/strong>35 \u00b0C (eau).<\/p>\n<p><strong>CARACTERISTIQUES CONSTRUCTIVES:<br \/>\n<\/strong>Corps de la pompe: Fonte<br \/>\nSupport moteur: Fonte<br \/>\nArbre moteur: A. inox AISI 420<br \/>\nTurbine: Fonte<br \/>\nTenues d&rsquo;\u00e9tanch\u00e9it\u00e9: Carbure de Silicum + Ceramique\/Graphite<br \/>\nClasse de isolation: F<br \/>\nClasse de protection: IP68<\/p>\n","protected":false},"excerpt":{"rendered":"<p>Pompage des eaux propres, des liquides contenants des corps solides et des courtes fibres, des eaux d\u2019\u00e9gout et des boues.<\/p>\n","protected":false},"featured_media":7726,"template":"","meta":[],"product_brand":[],"product_cat":[229],"product_tag":[],"class_list":{"0":"post-8638","1":"product","2":"type-product","3":"status-publish","4":"has-post-thumbnail","6":"product_cat-pompes-de-drainage","8":"first","9":"instock","10":"shipping-taxable","11":"product-type-simple"},"_links":{"self":[{"href":"https:\/\/www.osip.it\/fr\/wp-json\/wp\/v2\/product\/8638","targetHints":{"allow":["GET"]}}],"collection":[{"href":"https:\/\/www.osip.it\/fr\/wp-json\/wp\/v2\/product"}],"about":[{"href":"https:\/\/www.osip.it\/fr\/wp-json\/wp\/v2\/types\/product"}],"wp:featuredmedia":[{"embeddable":true,"href":"https:\/\/www.osip.it\/fr\/wp-json\/wp\/v2\/media\/7726"}],"wp:attachment":[{"href":"https:\/\/www.osip.it\/fr\/wp-json\/wp\/v2\/media?parent=8638"}],"wp:term":[{"taxonomy":"product_brand","embeddable":true,"href":"https:\/\/www.osip.it\/fr\/wp-json\/wp\/v2\/product_brand?post=8638"},{"taxonomy":"product_cat","embeddable":true,"href":"https:\/\/www.osip.it\/fr\/wp-json\/wp\/v2\/product_cat?post=8638"},{"taxonomy":"product_tag","embeddable":true,"href":"https:\/\/www.osip.it\/fr\/wp-json\/wp\/v2\/product_tag?post=8638"}],"curies":[{"name":"wp","href":"https:\/\/api.w.org\/{rel}","templated":true}]}}