{"id":8629,"date":"2016-07-25T15:47:35","date_gmt":"2016-07-25T13:47:35","guid":{"rendered":"https:\/\/osip.it\/prodotto\/senza%20categoria\/serie-s-2"},"modified":"2016-10-19T12:02:56","modified_gmt":"2016-10-19T10:02:56","slug":"serie-s-2","status":"publish","type":"product","link":"https:\/\/www.osip.it\/fr\/immergees-fr\/serie-s-2\/","title":{"rendered":"Serie S"},"content":{"rendered":"<p><strong>TYPE:<br \/>\n<\/strong>Pompes immerg\u00e9es centrifuges multietag\u00e9es pour puits de 6\u201d, con\u00e7ues particulier\u00e8ment pour installations d\u2019\u00e9l\u00e9vation et de distribution requierant de tr\u00e8s grandes pressions et d\u00e9bits.<\/p>\n<p><strong>USAGE CONSEILL\u00c9:<br \/>\n<\/strong>Installations et syst\u00e8mes pour utilisation domestique et industrielle, en service intermittent ou continu.<br \/>\nSyst\u00e8mes de pressurisation.<br \/>\nStations d\u2019irrigation.<\/p>\n<p><strong>CARACTERISTIQUES DE CONSTRUCTION:<br \/>\n<\/strong>Bride d\u2019accouplement au moteur et pi\u00e8ce de refoulement en laiton (OT 58).<br \/>\nPour tous les types, clapet anti retour incorpor\u00e9, facilement extractible.<br \/>\nTurbines et diffuseurs en Noryl, corps des diffuseurs en inox (AISI 304).<br \/>\nChemise, arbre, accouplement, prot\u00e8ge c\u00e2ble, cr\u00e9pine d\u2019aspiration et boulons sont en acier inox.<br \/>\n<strong>Bride d\u2019accouplement au moteur est ex\u00e9cut\u00e9e selon normes NEMA<\/strong><\/p>\n","protected":false},"excerpt":{"rendered":"<p>Installations et syst\u00e8mes pour utilisation domestique et industrielle, en service intermittent ou continu.<br \/>\nSyst\u00e8mes de pressurisation.<br \/>\nStations d\u2019irrigation.<\/p>\n","protected":false},"featured_media":8005,"template":"","meta":[],"product_brand":[],"product_cat":[240],"product_tag":[],"class_list":{"0":"post-8629","1":"product","2":"type-product","3":"status-publish","4":"has-post-thumbnail","6":"product_cat-immergees-fr","8":"first","9":"instock","10":"shipping-taxable","11":"product-type-simple"},"_links":{"self":[{"href":"https:\/\/www.osip.it\/fr\/wp-json\/wp\/v2\/product\/8629","targetHints":{"allow":["GET"]}}],"collection":[{"href":"https:\/\/www.osip.it\/fr\/wp-json\/wp\/v2\/product"}],"about":[{"href":"https:\/\/www.osip.it\/fr\/wp-json\/wp\/v2\/types\/product"}],"wp:featuredmedia":[{"embeddable":true,"href":"https:\/\/www.osip.it\/fr\/wp-json\/wp\/v2\/media\/8005"}],"wp:attachment":[{"href":"https:\/\/www.osip.it\/fr\/wp-json\/wp\/v2\/media?parent=8629"}],"wp:term":[{"taxonomy":"product_brand","embeddable":true,"href":"https:\/\/www.osip.it\/fr\/wp-json\/wp\/v2\/product_brand?post=8629"},{"taxonomy":"product_cat","embeddable":true,"href":"https:\/\/www.osip.it\/fr\/wp-json\/wp\/v2\/product_cat?post=8629"},{"taxonomy":"product_tag","embeddable":true,"href":"https:\/\/www.osip.it\/fr\/wp-json\/wp\/v2\/product_tag?post=8629"}],"curies":[{"name":"wp","href":"https:\/\/api.w.org\/{rel}","templated":true}]}}