{"id":8617,"date":"2016-07-25T16:29:23","date_gmt":"2016-07-25T14:29:23","guid":{"rendered":"https:\/\/osip.it\/prodotto\/senza%20categoria\/venus-mec-63"},"modified":"2016-10-04T12:20:46","modified_gmt":"2016-10-04T10:20:46","slug":"venus-mec-63","status":"publish","type":"product","link":"https:\/\/www.osip.it\/fr\/hydromassage\/venus-mec-63\/","title":{"rendered":"VENUS MEC 63"},"content":{"rendered":"<p><strong>TYPE:<br \/>\n<\/strong>\u00c9lectropompe centrifuge d\u2019un d\u00e9bit \u00e9lev\u00e9 costruite en mat\u00e9riel thermoplastique.<\/p>\n<p><strong>USAGE CONSEILL\u00c9:<br \/>\n<\/strong>Produit sp\u00e9cifique pour baignoires hydromassage.<\/p>\n<p><strong>TEMPERATURE MAX D&rsquo;UTILISATION:<br \/>\n<\/strong>35 \u00b0C (eau), 40 \u00b0C (environnement).<\/p>\n<p><strong>CARACTERISTIQUE DE CONSTRUCTION:<br \/>\n<\/strong>Corps de pompe: PP30VF<br \/>\nSupport moteur: Aluminium<br \/>\nTurbine: Noryl<br \/>\nTenues d&rsquo;\u00e9tanch\u00e9it\u00e9: Alumina\/ \u00a0carbon graphite<br \/>\nClasse d&rsquo;isolation: F<br \/>\nClasse de protection: IPX5<\/p>\n<p><strong>\u00a0<\/strong><\/p>\n","protected":false},"excerpt":{"rendered":"<p>Produit sp\u00e9cifique pour baignoires hydromassage.<\/p>\n","protected":false},"featured_media":8042,"template":"","meta":[],"product_brand":[],"product_cat":[230],"product_tag":[],"class_list":{"0":"post-8617","1":"product","2":"type-product","3":"status-publish","4":"has-post-thumbnail","6":"product_cat-hydromassage","8":"first","9":"instock","10":"shipping-taxable","11":"product-type-simple"},"_links":{"self":[{"href":"https:\/\/www.osip.it\/fr\/wp-json\/wp\/v2\/product\/8617","targetHints":{"allow":["GET"]}}],"collection":[{"href":"https:\/\/www.osip.it\/fr\/wp-json\/wp\/v2\/product"}],"about":[{"href":"https:\/\/www.osip.it\/fr\/wp-json\/wp\/v2\/types\/product"}],"wp:featuredmedia":[{"embeddable":true,"href":"https:\/\/www.osip.it\/fr\/wp-json\/wp\/v2\/media\/8042"}],"wp:attachment":[{"href":"https:\/\/www.osip.it\/fr\/wp-json\/wp\/v2\/media?parent=8617"}],"wp:term":[{"taxonomy":"product_brand","embeddable":true,"href":"https:\/\/www.osip.it\/fr\/wp-json\/wp\/v2\/product_brand?post=8617"},{"taxonomy":"product_cat","embeddable":true,"href":"https:\/\/www.osip.it\/fr\/wp-json\/wp\/v2\/product_cat?post=8617"},{"taxonomy":"product_tag","embeddable":true,"href":"https:\/\/www.osip.it\/fr\/wp-json\/wp\/v2\/product_tag?post=8617"}],"curies":[{"name":"wp","href":"https:\/\/api.w.org\/{rel}","templated":true}]}}