{"id":8596,"date":"2016-07-26T11:43:39","date_gmt":"2016-07-26T09:43:39","guid":{"rendered":"https:\/\/osip.it\/prodotto\/senza%20categoria\/zs-65-75-2"},"modified":"2016-12-05T10:24:37","modified_gmt":"2016-12-05T09:24:37","slug":"zs-65-75-2","status":"publish","type":"product","link":"https:\/\/www.osip.it\/fr\/industrielles\/basse-pression\/zs-65-75-2\/","title":{"rendered":"ZS 65 &#8211; 75"},"content":{"rendered":"<p><strong>TYPE:<br \/>\n<\/strong>\u00c9lectropompe industrielle avec tige.<\/p>\n<p><strong>DESCRIPTION:<br \/>\n<\/strong>Ces mod\u00e9les de \u00e9lectropompes sont indiqu\u00e9s pour la circulation des liquides r\u00e9frig\u00e9rants et des m\u00e9langes lubrifiants des machines-outil et pour tous les syst\u00e8mes o\u00f9 il est n\u00e9cessaire le pompage d\u2019une quantit\u00e9e de liquide relativement \u00e9lev\u00e9 par rapport \u00e0 une modeste pression. Ces pompes sont particuli\u00e8rement indiqu\u00e9es avec les liquides r\u00e9frigerants et lubrificants contentant des dissolvants.<\/p>\n<p><strong>CARACTERISTIQUES DE CONSTRUCTION:<br \/>\n<\/strong>Tige: A. inox G AI Si 9 alliage<br \/>\nTurbine: G AI Si 9 alliage<br \/>\nCorps de pompe:G AI Si 9 alliage<br \/>\nArbre moteur: A. inox AISI 420<br \/>\nCarcasse moteur: Aluminium type- MEC 63<br \/>\nMoteur: Ferm\u00e8 ventilation externe<br \/>\nPeinture:\u00a0\u00c8lectrophor\u00e8tique noir<br \/>\nVis: A. inox<br \/>\nClasse de isolation: F<br \/>\nClasse de protection: IPX5<\/p>\n","protected":false},"excerpt":{"rendered":"<p>Ces mod\u00e9les de \u00e9lectropompes sont indiqu\u00e9s pour la circulation des liquides r\u00e9frig\u00e9rants et des m\u00e9langes lubrifiants des machines-outil et pour tous les syst\u00e8mes o\u00f9 il est n\u00e9cessaire le pompage d\u2019une quantit\u00e9e de liquide relativement \u00e9lev\u00e9 par rapport \u00e0 une modeste pression. Ces pompes sont particuli\u00e8rement indiqu\u00e9es avec les liquides r\u00e9frigerants et lubrificants contentant des dissolvants.<\/p>\n","protected":false},"featured_media":7846,"template":"","meta":[],"product_brand":[],"product_cat":[236,132],"product_tag":[],"class_list":{"0":"post-8596","1":"product","2":"type-product","3":"status-publish","4":"has-post-thumbnail","6":"product_cat-basse-pression","7":"product_cat-industrielles","9":"first","10":"instock","11":"shipping-taxable","12":"product-type-simple"},"_links":{"self":[{"href":"https:\/\/www.osip.it\/fr\/wp-json\/wp\/v2\/product\/8596","targetHints":{"allow":["GET"]}}],"collection":[{"href":"https:\/\/www.osip.it\/fr\/wp-json\/wp\/v2\/product"}],"about":[{"href":"https:\/\/www.osip.it\/fr\/wp-json\/wp\/v2\/types\/product"}],"wp:featuredmedia":[{"embeddable":true,"href":"https:\/\/www.osip.it\/fr\/wp-json\/wp\/v2\/media\/7846"}],"wp:attachment":[{"href":"https:\/\/www.osip.it\/fr\/wp-json\/wp\/v2\/media?parent=8596"}],"wp:term":[{"taxonomy":"product_brand","embeddable":true,"href":"https:\/\/www.osip.it\/fr\/wp-json\/wp\/v2\/product_brand?post=8596"},{"taxonomy":"product_cat","embeddable":true,"href":"https:\/\/www.osip.it\/fr\/wp-json\/wp\/v2\/product_cat?post=8596"},{"taxonomy":"product_tag","embeddable":true,"href":"https:\/\/www.osip.it\/fr\/wp-json\/wp\/v2\/product_tag?post=8596"}],"curies":[{"name":"wp","href":"https:\/\/api.w.org\/{rel}","templated":true}]}}