{"id":8574,"date":"2016-07-27T08:20:42","date_gmt":"2016-07-27T06:20:42","guid":{"rendered":"https:\/\/osip.it\/prodotto\/senza%20categoria\/8574"},"modified":"2016-12-06T10:17:21","modified_gmt":"2016-12-06T09:17:21","slug":"ps-300","status":"publish","type":"product","link":"https:\/\/www.osip.it\/fr\/industrielles\/haute-pression\/ps-300\/","title":{"rendered":"PS 300"},"content":{"rendered":"<p><strong>TYPE:<\/strong><br \/>\n\u00c9lectrompe industrielle avec tige.<\/p>\n<p><strong>DESCRITION:<\/strong><br \/>\nPompe machine haute pression avec l\u2019avantage d\u2019obtenir des performances des pompes centrifuges \u00e0 tige immerg\u00e9 telle que celle des pompes \u00e8 turbine p\u00e9riph\u00e9rique (le d\u00e9veloppement d\u2019une haute pression par rapport \u00e0 une faible puissance \u00e9lectrique). Particuli\u00e8rement indiqu\u00e9es quand il y a n\u00e9cessit\u00e9 d\u2019un d\u00e9bit r\u00e9duit avec une haute pression pour les issues (sorties) des gicleurs avec un diam\u00e8tre r\u00e9duit (Exemple : applications g\u00e9n\u00e9rales des syst\u00e8mes \u00e0 jet o\u00f9 le r\u00e9frig\u00e9rant permet aussi la vidange et le d\u00e9tachement des copeaux).<\/p>\n<p><strong>CARACTERISTIQUES DE CONSTRUCTION:<br \/>\n<\/strong>Tige: Fonte G20<br \/>\nTurbine: Laiton 58<br \/>\nCorps de pompe: Fonte G20<br \/>\nArbre moteur: A. inox AISI 420<br \/>\nCarcasse moteur: Aluminium type &#8211; MEC 90<br \/>\nMoteur: Ferm\u00e8 ventilation externe<br \/>\nPeinture:\u00a0\u00c8lectrophor\u00e8tique noir<br \/>\nVis: A. inox<br \/>\nClasse de isolation: F<br \/>\nClasse de protection: IPX5<\/p>\n","protected":false},"excerpt":{"rendered":"<p>Pompe machine haute pression avec l\u2019avantage d\u2019obtenir des performances des pompes centrifuges \u00e0 tige immerg\u00e9 telle que celle des pompes \u00e8 turbine p\u00e9riph\u00e9rique (le d\u00e9veloppement d\u2019une haute pression par rapport \u00e0 une faible puissance \u00e9lectrique). Particuli\u00e8rement indiqu\u00e9es quand il y a n\u00e9cessit\u00e9 d\u2019un d\u00e9bit r\u00e9duit avec une haute pression pour les issues (sorties) des gicleurs avec un diam\u00e8tre r\u00e9duit (Exemple : applications g\u00e9n\u00e9rales des syst\u00e8mes \u00e0 jet o\u00f9 le r\u00e9frig\u00e9rant permet aussi la vidange et le d\u00e9tachement des copeaux).<\/p>\n","protected":false},"featured_media":7711,"template":"","meta":[],"product_brand":[],"product_cat":[233,132],"product_tag":[],"class_list":{"0":"post-8574","1":"product","2":"type-product","3":"status-publish","4":"has-post-thumbnail","6":"product_cat-haute-pression","7":"product_cat-industrielles","9":"first","10":"instock","11":"shipping-taxable","12":"product-type-simple"},"_links":{"self":[{"href":"https:\/\/www.osip.it\/fr\/wp-json\/wp\/v2\/product\/8574","targetHints":{"allow":["GET"]}}],"collection":[{"href":"https:\/\/www.osip.it\/fr\/wp-json\/wp\/v2\/product"}],"about":[{"href":"https:\/\/www.osip.it\/fr\/wp-json\/wp\/v2\/types\/product"}],"wp:featuredmedia":[{"embeddable":true,"href":"https:\/\/www.osip.it\/fr\/wp-json\/wp\/v2\/media\/7711"}],"wp:attachment":[{"href":"https:\/\/www.osip.it\/fr\/wp-json\/wp\/v2\/media?parent=8574"}],"wp:term":[{"taxonomy":"product_brand","embeddable":true,"href":"https:\/\/www.osip.it\/fr\/wp-json\/wp\/v2\/product_brand?post=8574"},{"taxonomy":"product_cat","embeddable":true,"href":"https:\/\/www.osip.it\/fr\/wp-json\/wp\/v2\/product_cat?post=8574"},{"taxonomy":"product_tag","embeddable":true,"href":"https:\/\/www.osip.it\/fr\/wp-json\/wp\/v2\/product_tag?post=8574"}],"curies":[{"name":"wp","href":"https:\/\/api.w.org\/{rel}","templated":true}]}}