{"id":8545,"date":"2016-07-27T11:09:20","date_gmt":"2016-07-27T09:09:20","guid":{"rendered":"https:\/\/osip.it\/prodotto\/senza%20categoria\/pb-100-2"},"modified":"2016-12-06T11:22:29","modified_gmt":"2016-12-06T10:22:29","slug":"pb-100-2","status":"publish","type":"product","link":"https:\/\/www.osip.it\/fr\/industrielles\/periferiche-2-fr\/pb-100-2\/","title":{"rendered":"PB 100"},"content":{"rendered":"<p><strong>TYPE:<br \/>\n<\/strong>\u00c9lectropompe industrielle p\u00e9riph\u00e9rique.<\/p>\n<p><strong>DESCRIPTION:<br \/>\n<\/strong>\u00c9lectropompes p\u00e9riph\u00e9riques en laiton, realis\u00e9es pour le d\u00e9veloppement d\u2019une hateur de pr\u00e9ssion en relation \u00e0 une basse puissance. Ces pompes, enti\u00e8rement en laiton, ne sont pas sujet \u00e0 la corrosion \u00e9vitant le probl\u00e8me de blocage au contraire des pompes en fonte. Cette gamme de pompes PB est particuli\u00e8rement appropri\u00e9e pour des applications sanitaires et industrielles.<\/p>\n<p><strong>CARACTERISTIQUES DE CONSTRUCTION:<br \/>\n<\/strong>Turbine: Laiton 58<br \/>\nCorps de pompe: Laiton 58<br \/>\nArbre moteur: A. inox AISI 416<br \/>\nCarcasse Moteur: Aluminium type &#8211; MEC 71<br \/>\nMoteur: Ferm\u00e8 ventilation externe<br \/>\nPeinture:\u00a0\u00c8lectrophor\u00e8tique noir<br \/>\nVis: A. inox<br \/>\nClasse de isolation: F<br \/>\nClasse de protection: IPX5<\/p>\n<p>&nbsp;<\/p>\n","protected":false},"excerpt":{"rendered":"<p>\u00c9lectropompes p\u00e9riph\u00e9riques en laiton, realis\u00e9es pour le d\u00e9veloppement d\u2019une hateur de pr\u00e9ssion en relation \u00e0 une basse puissance. Ces pompes, enti\u00e8rement en laiton, ne sont pas sujet \u00e0 la corrosion \u00e9vitant le probl\u00e8me de blocage au contraire des pompes en fonte. Cette gamme de pompes PB est particuli\u00e8rement appropri\u00e9e pour des applications sanitaires et industrielles.<\/p>\n","protected":false},"featured_media":4266,"template":"","meta":[],"product_brand":[],"product_cat":[132,133],"product_tag":[],"class_list":{"0":"post-8545","1":"product","2":"type-product","3":"status-publish","4":"has-post-thumbnail","6":"product_cat-industrielles","7":"product_cat-periferiche-2-fr","9":"first","10":"instock","11":"shipping-taxable","12":"product-type-simple"},"_links":{"self":[{"href":"https:\/\/www.osip.it\/fr\/wp-json\/wp\/v2\/product\/8545","targetHints":{"allow":["GET"]}}],"collection":[{"href":"https:\/\/www.osip.it\/fr\/wp-json\/wp\/v2\/product"}],"about":[{"href":"https:\/\/www.osip.it\/fr\/wp-json\/wp\/v2\/types\/product"}],"wp:featuredmedia":[{"embeddable":true,"href":"https:\/\/www.osip.it\/fr\/wp-json\/wp\/v2\/media\/4266"}],"wp:attachment":[{"href":"https:\/\/www.osip.it\/fr\/wp-json\/wp\/v2\/media?parent=8545"}],"wp:term":[{"taxonomy":"product_brand","embeddable":true,"href":"https:\/\/www.osip.it\/fr\/wp-json\/wp\/v2\/product_brand?post=8545"},{"taxonomy":"product_cat","embeddable":true,"href":"https:\/\/www.osip.it\/fr\/wp-json\/wp\/v2\/product_cat?post=8545"},{"taxonomy":"product_tag","embeddable":true,"href":"https:\/\/www.osip.it\/fr\/wp-json\/wp\/v2\/product_tag?post=8545"}],"curies":[{"name":"wp","href":"https:\/\/api.w.org\/{rel}","templated":true}]}}