{"id":8542,"date":"2016-07-27T11:11:46","date_gmt":"2016-07-27T09:11:46","guid":{"rendered":"https:\/\/osip.it\/prodotto\/senza%20categoria\/lb-100-2"},"modified":"2016-12-06T11:39:04","modified_gmt":"2016-12-06T10:39:04","slug":"lb-100-2","status":"publish","type":"product","link":"https:\/\/www.osip.it\/fr\/industrielles\/periferiche-2-fr\/lb-100-2\/","title":{"rendered":"LB 100"},"content":{"rendered":"<p><strong>TYPE:<br \/>\n<\/strong>\u00c9lectropompe industrielle p\u00e9riph\u00e9rique.<\/p>\n<p><strong>DESCRIPTION:<br \/>\n<\/strong>\u00c9lectropompe autoamor\u00e7ante en laiton,\u00a0id\u00e9ale pour une profondeur d\u2019aspiration jusqu\u2019\u00e0\u2019 9 m\u00e8tre m\u00eame avec une pr\u00e9sences de 60-70% des bulles d\u2019air. La s\u00e9rie de pompe LB peut fonctionner en pression et au vide en inversant les deux orifices ( aspiration et refoulement).\u00a0Ces pompes sont adapt\u00e9es pour l\u2019 aspiration d\u2019 huiles visqueux d\u2019 un maximum de 37,3 Cst (5 \u00b0E).\u00a0Temperature maximale du liquide 80 \u00b0C.<\/p>\n<p><strong>CARACTERISTIQUES DE CONSTRUCTION:<br \/>\n<\/strong>Turbine: Laiton 58<br \/>\nCorps de pompe: Laiton 58<br \/>\nArbre Moteur: A. inox AISI 420<br \/>\nCarcasse moteur: Aluminium type- MEC 71<br \/>\nMoteur: Ferm\u00e8 ventilation externe<br \/>\nPeinture:\u00a0\u00c8lectriphor\u00e8tique noir<br \/>\nVis: A. inox<br \/>\nClasse de isolation: F<br \/>\nClasse de protection: IPX5<\/p>\n","protected":false},"excerpt":{"rendered":"<p>\u00c9lectropompe autoamor\u00e7ante en laiton,\u00a0id\u00e9ale pour une profondeur d\u2019aspiration jusqu\u2019\u00e0\u2019 9 m\u00e8tre m\u00eame avec une pr\u00e9sences de 60-70% des bulles d\u2019air. La s\u00e9rie de pompe LB peut fonctionner en pression et au vide en inversant les deux orifices ( aspiration et refoulement).\u00a0Ces pompes sont adapt\u00e9es pour l\u2019 aspiration d\u2019huiles visqueux d\u2019 un maximum de 37,3 Cst (5 \u00b0E).\u00a0Temperature maximale du liquide 80 \u00b0C.<\/p>\n","protected":false},"featured_media":7621,"template":"","meta":[],"product_brand":[],"product_cat":[132,133],"product_tag":[],"class_list":{"0":"post-8542","1":"product","2":"type-product","3":"status-publish","4":"has-post-thumbnail","6":"product_cat-industrielles","7":"product_cat-periferiche-2-fr","9":"first","10":"instock","11":"shipping-taxable","12":"product-type-simple"},"_links":{"self":[{"href":"https:\/\/www.osip.it\/fr\/wp-json\/wp\/v2\/product\/8542","targetHints":{"allow":["GET"]}}],"collection":[{"href":"https:\/\/www.osip.it\/fr\/wp-json\/wp\/v2\/product"}],"about":[{"href":"https:\/\/www.osip.it\/fr\/wp-json\/wp\/v2\/types\/product"}],"wp:featuredmedia":[{"embeddable":true,"href":"https:\/\/www.osip.it\/fr\/wp-json\/wp\/v2\/media\/7621"}],"wp:attachment":[{"href":"https:\/\/www.osip.it\/fr\/wp-json\/wp\/v2\/media?parent=8542"}],"wp:term":[{"taxonomy":"product_brand","embeddable":true,"href":"https:\/\/www.osip.it\/fr\/wp-json\/wp\/v2\/product_brand?post=8542"},{"taxonomy":"product_cat","embeddable":true,"href":"https:\/\/www.osip.it\/fr\/wp-json\/wp\/v2\/product_cat?post=8542"},{"taxonomy":"product_tag","embeddable":true,"href":"https:\/\/www.osip.it\/fr\/wp-json\/wp\/v2\/product_tag?post=8542"}],"curies":[{"name":"wp","href":"https:\/\/api.w.org\/{rel}","templated":true}]}}