{"id":7215,"date":"2016-08-02T18:29:17","date_gmt":"2016-08-02T16:29:17","guid":{"rendered":"https:\/\/osip.it\/prodotto\/senza%20categoria\/clapets-anti-retour-a-bille-filetees"},"modified":"2016-10-27T11:17:55","modified_gmt":"2016-10-27T09:17:55","slug":"clapets-anti-retour-a-bille-filetees","status":"publish","type":"product","link":"https:\/\/www.osip.it\/fr\/accessoires\/vannes\/clapets-anti-retour-a-bille-filetees\/","title":{"rendered":"Clapets anti-retour \u00e0 bille fil\u00e9t\u00e9es"},"content":{"rendered":"<div id=\"viewport\" class=\"ctr-p\">\n<div id=\"main\" class=\"content\" data-jiis=\"cc\">\n<div id=\"cnt\" class=\"big\">\n<div class=\"mw\">\n<div id=\"rcnt\">\n<div class=\"col\">\n<div id=\"center_col\">\n<div id=\"res\" class=\"med\">\n<div id=\"search\" data-jiis=\"uc\" data-jibp=\"h\">\n<div data-ved=\"0ahUKEwjukrXitKXPAhWoAcAKHbBSDJ0QGggZ\">\n<div id=\"ires\" data-async-context=\"query:traduttore%20italiano%20francese\">\n<div id=\"rso\">\n<div class=\"g tpo knavi obcontainer mod\" data-ved=\"0ahUKEwjukrXitKXPAhWoAcAKHbBSDJ0QkCkIGigAMAA\" data-md=\"77\">\n<div data-hveid=\"27\">\n<div id=\"tw-container\" class=\"vk_c r-itupYNriJdYM\" data-ulf=\"1\" data-uilc=\"it\" data-sugg-url=\"https:\/\/clients1.google.it\/complete\/search\" data-sm=\"1\" data-nnttsvi=\"1\" data-exp=\"1\">\n<div id=\"uid_0\" class=\"r-izaHqIQiwJ0M xpdbox xpdclose\">\n<div class=\"vk_bk\">\n<div id=\"tw-ob\">\n<div class=\"_Ejb\">\n<div id=\"tw-target\">\n<div id=\"tw-target-text-container\" class=\"tw-ta-container tw-nfl\">\n<p id=\"tw-target-text\" class=\"tw-data-text tw-ta tw-text-small\" dir=\"ltr\" data-placeholder=\"Traduzione\"><span lang=\"fr\">Le clapet anti-retour avec un clapet \u00e0 bille sph\u00e9rique est extr\u00eamement fiable dans les deux verticale et horizontale, gr\u00e2ce \u00e0 la simplicit\u00e9 constructive et l&rsquo;absence de m\u00e9canismes.<\/span><\/p>\n<p><b>CARACT\u00c9RISTIQUE DE CONSTRUCTION:<\/b><br \/>\nJoints: NBR<br \/>\nCorps: fonte GG 25<br \/>\nSph\u00e8re: R\u00e9sine ou NBR.<\/p>\n<\/div>\n<\/div>\n<\/div>\n<\/div>\n<\/div>\n<\/div>\n<\/div>\n<\/div>\n<\/div>\n<\/div>\n<\/div>\n<\/div>\n<\/div>\n<\/div>\n<\/div>\n<\/div>\n<\/div>\n<\/div>\n<\/div>\n<\/div>\n<\/div>\n","protected":false},"excerpt":{"rendered":"<p>Le clapet anti-retour avec un clapet \u00e0 bille sph\u00e9rique est extr\u00eamement fiable dans les deux verticale et horizontale, gr\u00e2ce \u00e0 la simplicit\u00e9 constructive et l&rsquo;absence de m\u00e9canismes. CARACT\u00c9RISTIQUE DE CONSTRUCTION: Joints: NBR Corps: fonte GG 25 Sph\u00e8re: R\u00e9sine ou NBR.<\/p>\n","protected":false},"featured_media":8248,"template":"","meta":[],"product_brand":[],"product_cat":[187,206],"product_tag":[],"class_list":{"0":"post-7215","1":"product","2":"type-product","3":"status-publish","4":"has-post-thumbnail","6":"product_cat-accessoires","7":"product_cat-vannes","9":"first","10":"instock","11":"shipping-taxable","12":"product-type-simple"},"_links":{"self":[{"href":"https:\/\/www.osip.it\/fr\/wp-json\/wp\/v2\/product\/7215","targetHints":{"allow":["GET"]}}],"collection":[{"href":"https:\/\/www.osip.it\/fr\/wp-json\/wp\/v2\/product"}],"about":[{"href":"https:\/\/www.osip.it\/fr\/wp-json\/wp\/v2\/types\/product"}],"wp:featuredmedia":[{"embeddable":true,"href":"https:\/\/www.osip.it\/fr\/wp-json\/wp\/v2\/media\/8248"}],"wp:attachment":[{"href":"https:\/\/www.osip.it\/fr\/wp-json\/wp\/v2\/media?parent=7215"}],"wp:term":[{"taxonomy":"product_brand","embeddable":true,"href":"https:\/\/www.osip.it\/fr\/wp-json\/wp\/v2\/product_brand?post=7215"},{"taxonomy":"product_cat","embeddable":true,"href":"https:\/\/www.osip.it\/fr\/wp-json\/wp\/v2\/product_cat?post=7215"},{"taxonomy":"product_tag","embeddable":true,"href":"https:\/\/www.osip.it\/fr\/wp-json\/wp\/v2\/product_tag?post=7215"}],"curies":[{"name":"wp","href":"https:\/\/api.w.org\/{rel}","templated":true}]}}