{"id":12608,"date":"2020-12-23T10:12:23","date_gmt":"2020-12-23T09:12:23","guid":{"rendered":"https:\/\/www.osip.it\/?post_type=product&#038;p=12608"},"modified":"2020-12-23T10:36:44","modified_gmt":"2020-12-23T09:36:44","slug":"mc-a-inverter","status":"publish","type":"product","link":"https:\/\/www.osip.it\/fr\/pompes-pour-usage-domestique\/groupes-electroniques\/mc-a-inverter\/","title":{"rendered":"MC-A (INVERTER)"},"content":{"rendered":"<p><strong>TYPE:<\/strong> \u00c9lectropompe centrifuge multicellulaire.<\/p>\n<p><strong>DESCRIPTION:<\/strong> Ce groupe \u00e9lectronique compos\u00e9 d\u2019une pompe avec Inverseur permet l\u2019optimisation des performances en fonction de l\u2019exigence de l\u2019utilisateur, en maintenant la pression constante en permettant un d\u00e9bit optimal \u00e0 travers un variateur de fr\u00e9quence, optimisant ainsi le rendement de la pompe permettant de r\u00e9duire tr\u00e8s nettement la consommation d\u2019\u00e9nergie jusqu\u2019\u00e0 60%.<\/p>\n<p><strong>CARACTERISTIQUES PRINCIPALES:<br \/>\n<\/strong>PROFONDEUR D\u2019 ASPIRATION MAXIMALE: La profondeur d\u2019 aspiration maximale est de 7 m\u00e8tres approximativement (valeur variable suivant l\u2019altitude et la temp\u00e9rature).<br \/>\nUSAGE CONSEILL\u00c9: Id\u00e9ale pour l\u2019augmentation de la pression dans les syst\u00e8mes hydriques domestiques et pour l\u2019irrigation des jardins.<br \/>\nTEMPERATURES MAX D\u2019UTILISATION: 35 \u00b0C (eau), 40 \u00b0C (environnement).<\/p>\n","protected":false},"excerpt":{"rendered":"<p>Ce groupe \u00e9lectronique compos\u00e9 d\u2019une pompe avec Inverseur permet l\u2019optimisation des performances en fonction de l\u2019exigence de l\u2019utilisateur, en maintenant la pression constante en permettant un d\u00e9bit optimal \u00e0 travers un variateur de fr\u00e9quence, optimisant ainsi le rendement de la pompe permettant de r\u00e9duire tr\u00e8s nettement la consommation d\u2019\u00e9nergie jusqu\u2019\u00e0 60%.<\/p>\n","protected":false},"featured_media":12612,"template":"","meta":[],"product_brand":[],"product_cat":[215,137],"product_tag":[],"class_list":{"0":"post-12608","1":"product","2":"type-product","3":"status-publish","4":"has-post-thumbnail","6":"product_cat-groupes-electroniques","7":"product_cat-pompes-pour-usage-domestique","9":"first","10":"instock","11":"shipping-taxable","12":"product-type-simple"},"_links":{"self":[{"href":"https:\/\/www.osip.it\/fr\/wp-json\/wp\/v2\/product\/12608","targetHints":{"allow":["GET"]}}],"collection":[{"href":"https:\/\/www.osip.it\/fr\/wp-json\/wp\/v2\/product"}],"about":[{"href":"https:\/\/www.osip.it\/fr\/wp-json\/wp\/v2\/types\/product"}],"wp:featuredmedia":[{"embeddable":true,"href":"https:\/\/www.osip.it\/fr\/wp-json\/wp\/v2\/media\/12612"}],"wp:attachment":[{"href":"https:\/\/www.osip.it\/fr\/wp-json\/wp\/v2\/media?parent=12608"}],"wp:term":[{"taxonomy":"product_brand","embeddable":true,"href":"https:\/\/www.osip.it\/fr\/wp-json\/wp\/v2\/product_brand?post=12608"},{"taxonomy":"product_cat","embeddable":true,"href":"https:\/\/www.osip.it\/fr\/wp-json\/wp\/v2\/product_cat?post=12608"},{"taxonomy":"product_tag","embeddable":true,"href":"https:\/\/www.osip.it\/fr\/wp-json\/wp\/v2\/product_tag?post=12608"}],"curies":[{"name":"wp","href":"https:\/\/api.w.org\/{rel}","templated":true}]}}