{"id":8431,"date":"2016-07-01T11:00:05","date_gmt":"2016-07-01T09:00:05","guid":{"rendered":"https:\/\/osip.it\/fr\/categorie"},"modified":"2020-12-23T10:42:58","modified_gmt":"2020-12-23T09:42:58","slug":"categories","status":"publish","type":"page","link":"https:\/\/www.osip.it\/fr\/categories\/","title":{"rendered":"Cat\u00e9gories"},"content":{"rendered":"<div class=\"wpb-content-wrapper\"><p>[vc_row][vc_column][vc_column_text]<\/p>\n<h2>Nos Cat\u00e9gories<\/h2>\n<p>[\/vc_column_text][vc_empty_space height=\u00a0\u00bb20px\u00a0\u00bb]<div class=\"woocommerce columns-3\"><ul class=\"products columns-3\">\n<li class=\"product-category product first\">\n\t<a aria-label=\"Acc\u00e9der \u00e0 la cat\u00e9gorie de produits Pompes pour usage domestique\" href=\"https:\/\/www.osip.it\/fr\/pompes-pour-usage-domestique\/\"><img decoding=\"async\" src=\"https:\/\/www.osip.it\/wp-content\/uploads\/2020\/12\/categoria-elettropompe-domestiche-1-300x300.jpg\" alt=\"Pompes pour usage domestique\" width=\"300\" height=\"300\" srcset=\"https:\/\/www.osip.it\/wp-content\/uploads\/2020\/12\/categoria-elettropompe-domestiche-1-300x300.jpg 300w, https:\/\/www.osip.it\/wp-content\/uploads\/2020\/12\/categoria-elettropompe-domestiche-1-100x100.jpg 100w, https:\/\/www.osip.it\/wp-content\/uploads\/2020\/12\/categoria-elettropompe-domestiche-1-150x150.jpg 150w, https:\/\/www.osip.it\/wp-content\/uploads\/2020\/12\/categoria-elettropompe-domestiche-1.jpg 400w\" sizes=\"(max-width: 300px) 100vw, 300px\" \/>\t\t<h2 class=\"woocommerce-loop-category__title\">\n\t\t\tPompes pour usage domestique <mark class=\"count\">(47)<\/mark>\t\t<\/h2>\n\t\t<\/a><\/li>\n<li class=\"product-category product\">\n\t<a aria-label=\"Acc\u00e9der \u00e0 la cat\u00e9gorie de produits Pompes de drainage\" href=\"https:\/\/www.osip.it\/fr\/pompes-de-drainage\/\"><img decoding=\"async\" src=\"https:\/\/www.osip.it\/wp-content\/uploads\/2016\/07\/HYDRA_3-2.jpg\" alt=\"Pompes de drainage\" width=\"300\" height=\"300\" srcset=\"https:\/\/www.osip.it\/wp-content\/uploads\/2016\/07\/HYDRA_3-2.jpg 200w, https:\/\/www.osip.it\/wp-content\/uploads\/2016\/07\/HYDRA_3-2-100x100.jpg 100w\" sizes=\"(max-width: 200px) 100vw, 200px\" \/>\t\t<h2 class=\"woocommerce-loop-category__title\">\n\t\t\tPompes de drainage <mark class=\"count\">(9)<\/mark>\t\t<\/h2>\n\t\t<\/a><\/li>\n<li class=\"product-category product last\">\n\t<a aria-label=\"Acc\u00e9der \u00e0 la cat\u00e9gorie de produits Immerg\u00e9es\" href=\"https:\/\/www.osip.it\/fr\/immergees-fr\/\"><img decoding=\"async\" src=\"https:\/\/www.osip.it\/wp-content\/uploads\/2016\/07\/F_4P-1.jpg\" alt=\"Immerg\u00e9es\" width=\"300\" height=\"300\" srcset=\"https:\/\/www.osip.it\/wp-content\/uploads\/2016\/07\/F_4P-1.jpg 200w, https:\/\/www.osip.it\/wp-content\/uploads\/2016\/07\/F_4P-1-100x100.jpg 100w\" sizes=\"(max-width: 200px) 100vw, 200px\" \/>\t\t<h2 class=\"woocommerce-loop-category__title\">\n\t\t\tImmerg\u00e9es <mark class=\"count\">(2)<\/mark>\t\t<\/h2>\n\t\t<\/a><\/li>\n<li class=\"product-category product first\">\n\t<a aria-label=\"Acc\u00e9der \u00e0 la cat\u00e9gorie de produits Hydromassage\" href=\"https:\/\/www.osip.it\/fr\/hydromassage\/\"><img decoding=\"async\" src=\"https:\/\/www.osip.it\/wp-content\/uploads\/2021\/01\/categoria-elettropompe-idromassaggio-300x300.jpg\" alt=\"Hydromassage\" width=\"300\" height=\"300\" srcset=\"https:\/\/www.osip.it\/wp-content\/uploads\/2021\/01\/categoria-elettropompe-idromassaggio-300x300.jpg 300w, https:\/\/www.osip.it\/wp-content\/uploads\/2021\/01\/categoria-elettropompe-idromassaggio-100x100.jpg 100w, https:\/\/www.osip.it\/wp-content\/uploads\/2021\/01\/categoria-elettropompe-idromassaggio-150x150.jpg 150w, https:\/\/www.osip.it\/wp-content\/uploads\/2021\/01\/categoria-elettropompe-idromassaggio.jpg 400w\" sizes=\"(max-width: 300px) 100vw, 300px\" \/>\t\t<h2 class=\"woocommerce-loop-category__title\">\n\t\t\tHydromassage <mark class=\"count\">(6)<\/mark>\t\t<\/h2>\n\t\t<\/a><\/li>\n<li class=\"product-category product\">\n\t<a aria-label=\"Acc\u00e9der \u00e0 la cat\u00e9gorie de produits Industrielles\" href=\"https:\/\/www.osip.it\/fr\/industrielles\/\"><img decoding=\"async\" src=\"https:\/\/www.osip.it\/wp-content\/uploads\/2021\/01\/categoria-elettropompe-industria-300x300.jpg\" alt=\"Industrielles\" width=\"300\" height=\"300\" srcset=\"https:\/\/www.osip.it\/wp-content\/uploads\/2021\/01\/categoria-elettropompe-industria-300x300.jpg 300w, https:\/\/www.osip.it\/wp-content\/uploads\/2021\/01\/categoria-elettropompe-industria-100x100.jpg 100w, https:\/\/www.osip.it\/wp-content\/uploads\/2021\/01\/categoria-elettropompe-industria-150x150.jpg 150w, https:\/\/www.osip.it\/wp-content\/uploads\/2021\/01\/categoria-elettropompe-industria.jpg 400w\" sizes=\"(max-width: 300px) 100vw, 300px\" \/>\t\t<h2 class=\"woocommerce-loop-category__title\">\n\t\t\tIndustrielles <mark class=\"count\">(27)<\/mark>\t\t<\/h2>\n\t\t<\/a><\/li>\n<li class=\"product-category product last\">\n\t<a aria-label=\"Acc\u00e9der \u00e0 la cat\u00e9gorie de produits Accessoires\" href=\"https:\/\/www.osip.it\/fr\/accessoires\/\"><img decoding=\"async\" src=\"https:\/\/www.osip.it\/wp-content\/uploads\/2016\/08\/Kit-24l-verticale-300x300.jpg\" alt=\"Accessoires\" width=\"300\" height=\"300\" srcset=\"https:\/\/www.osip.it\/wp-content\/uploads\/2016\/08\/Kit-24l-verticale-300x300.jpg 300w, https:\/\/www.osip.it\/wp-content\/uploads\/2016\/08\/Kit-24l-verticale-100x100.jpg 100w\" sizes=\"(max-width: 300px) 100vw, 300px\" \/>\t\t<h2 class=\"woocommerce-loop-category__title\">\n\t\t\tAccessoires <mark class=\"count\">(37)<\/mark>\t\t<\/h2>\n\t\t<\/a><\/li>\n<\/ul>\n<\/div>[\/vc_column][\/vc_row]<\/p>\n<\/div>","protected":false},"excerpt":{"rendered":"<p>[vc_row][vc_column][vc_column_text] Nos Cat\u00e9gories [\/vc_column_text][vc_empty_space height=\u00a0\u00bb20px\u00a0\u00bb][\/vc_column][\/vc_row]<\/p>\n","protected":false},"author":1,"featured_media":0,"parent":0,"menu_order":0,"comment_status":"closed","ping_status":"closed","template":"","meta":{"footnotes":""},"class_list":["post-8431","page","type-page","status-publish","hentry"],"_links":{"self":[{"href":"https:\/\/www.osip.it\/fr\/wp-json\/wp\/v2\/pages\/8431","targetHints":{"allow":["GET"]}}],"collection":[{"href":"https:\/\/www.osip.it\/fr\/wp-json\/wp\/v2\/pages"}],"about":[{"href":"https:\/\/www.osip.it\/fr\/wp-json\/wp\/v2\/types\/page"}],"author":[{"embeddable":true,"href":"https:\/\/www.osip.it\/fr\/wp-json\/wp\/v2\/users\/1"}],"replies":[{"embeddable":true,"href":"https:\/\/www.osip.it\/fr\/wp-json\/wp\/v2\/comments?post=8431"}],"version-history":[{"count":0,"href":"https:\/\/www.osip.it\/fr\/wp-json\/wp\/v2\/pages\/8431\/revisions"}],"wp:attachment":[{"href":"https:\/\/www.osip.it\/fr\/wp-json\/wp\/v2\/media?parent=8431"}],"curies":[{"name":"wp","href":"https:\/\/api.w.org\/{rel}","templated":true}]}}