{"id":2852,"date":"2016-07-06T17:55:07","date_gmt":"2016-07-06T15:55:07","guid":{"rendered":"https:\/\/osip.it\/fr\/?page_id=2852"},"modified":"2018-09-14T12:57:16","modified_gmt":"2018-09-14T10:57:16","slug":"societe","status":"publish","type":"page","link":"https:\/\/www.osip.it\/fr\/societe\/","title":{"rendered":"Soci\u00e9t\u00e9"},"content":{"rendered":"<div class=\"wpb-content-wrapper\"><p>[vc_row][vc_column][vc_column_text]<\/p>\n<p style=\"text-align: justify;\"><img decoding=\"async\" class=\"alignright wp-image-2834 size-medium\" src=\"\/wp-content\/uploads\/2016\/07\/Camin-Srl2-300x188.jpg\" alt=\"Camin-Srl2\" width=\"300\" height=\"188\" \/><img decoding=\"async\" class=\"alignnone wp-image-7267\" src=\"\/wp-content\/uploads\/2016\/05\/logo-300x86.png\" alt=\"logo\" width=\"175\" height=\"57\" \/><\/p>\n<p>plus que 40 ans d\u2019exp\u00e9rience au service des clients en proposant toujours des produits de haute qualit\u00e9 con\u00e7us et fabriqu\u00e9s en Italie\u00a0 en collaboration avec les meilleures fabricants\u00a0 au Nord de l\u2019Italie.[\/vc_column_text][vc_empty_space height=\u00a0\u00bb20px\u00a0\u00bb][vc_column_text]<\/p>\n<p style=\"text-align: justify;\"><img decoding=\"async\" class=\"size-medium wp-image-2840 alignright\" src=\"\/wp-content\/uploads\/2016\/07\/made-in-italy-300x200.jpg\" alt=\"made-in-italy\" width=\"300\" height=\"200\" \/><\/p>\n<ul>\n<li>Large s\u00e9lection de produits qui permet de satisfaire le march\u00e9 domestique, civil et industriel.<\/li>\n<li>Rapidit\u00e9 du service avec des r\u00e9ponses directes\u00a0 et imm\u00e9diates.<\/li>\n<li>Facilit\u00e9 de communication pour toutes les n\u00e9cessit\u00e9es et nationalis\u00e9es .<\/li>\n<li>Flexibilit\u00e9.<\/li>\n<li>Une s\u00e9lection rigoureuses des\u00a0 mat\u00e9riaux constitutifs .<\/li>\n<li>Innovation<\/li>\n<\/ul>\n<p>&nbsp;<\/p>\n<p>[\/vc_column_text][\/vc_column][\/vc_row][vc_row][vc_column][vc_empty_space height=\u00a0\u00bb30px\u00a0\u00bb][\/vc_column][\/vc_row][vc_row][vc_column][vc_column_text]<\/p>\n<p style=\"text-align: center;\"><em><strong>OSIP<\/strong>, fabriqu\u00e9 en V\u00e9n\u00e9tie, fabriqu\u00e9 en\u00a0<strong>Italie<\/strong><\/em><\/p>\n<p>[\/vc_column_text][\/vc_column][\/vc_row]<\/p>\n<\/div>","protected":false},"excerpt":{"rendered":"<p>[vc_row][vc_column][vc_column_text] plus que 40 ans d\u2019exp\u00e9rience au service des clients en proposant toujours des produits de haute qualit\u00e9 con\u00e7us et fabriqu\u00e9s en Italie\u00a0 en collaboration avec les meilleures fabricants\u00a0 au Nord de l\u2019Italie.[\/vc_column_text][vc_empty_space height=\u00a0\u00bb20px\u00a0\u00bb][vc_column_text] Large s\u00e9lection de produits qui permet de satisfaire le march\u00e9 domestique, civil et industriel. Rapidit\u00e9 du service avec des r\u00e9ponses directes\u00a0 [&hellip;]<\/p>\n","protected":false},"author":1,"featured_media":0,"parent":0,"menu_order":0,"comment_status":"closed","ping_status":"closed","template":"templates\/page-right.php","meta":{"footnotes":""},"class_list":["post-2852","page","type-page","status-publish","hentry"],"_links":{"self":[{"href":"https:\/\/www.osip.it\/fr\/wp-json\/wp\/v2\/pages\/2852","targetHints":{"allow":["GET"]}}],"collection":[{"href":"https:\/\/www.osip.it\/fr\/wp-json\/wp\/v2\/pages"}],"about":[{"href":"https:\/\/www.osip.it\/fr\/wp-json\/wp\/v2\/types\/page"}],"author":[{"embeddable":true,"href":"https:\/\/www.osip.it\/fr\/wp-json\/wp\/v2\/users\/1"}],"replies":[{"embeddable":true,"href":"https:\/\/www.osip.it\/fr\/wp-json\/wp\/v2\/comments?post=2852"}],"version-history":[{"count":0,"href":"https:\/\/www.osip.it\/fr\/wp-json\/wp\/v2\/pages\/2852\/revisions"}],"wp:attachment":[{"href":"https:\/\/www.osip.it\/fr\/wp-json\/wp\/v2\/media?parent=2852"}],"curies":[{"name":"wp","href":"https:\/\/api.w.org\/{rel}","templated":true}]}}