{"id":8797,"date":"2016-05-23T18:30:54","date_gmt":"2016-05-23T16:30:54","guid":{"rendered":"https:\/\/osip.it\/prodotto\/senza%20categoria\/riva-2"},"modified":"2016-11-30T10:45:50","modified_gmt":"2016-11-30T09:45:50","slug":"riva-2","status":"publish","type":"product","link":"https:\/\/www.osip.it\/es\/electrobombas-domesticas\/autocebantes\/riva-2\/","title":{"rendered":"RIVA"},"content":{"rendered":"<p><strong>TIPO:<\/strong><br \/>\nElectrobomba autocebante.<br \/>\nEste termino ind\u00edca la capacidad de bombear agua l\u00edmpia tambi\u00e8n mezclada con aire.<\/p>\n<p><strong>PROFUNDIDAD M\u00c1XIMA DE SUCI\u00d3N:<\/strong><br \/>\nLa profundidad m\u00e1xima de suci\u00f3n es de 9 metros aproximadamente\u00a0(valor variable en funci\u00f3n de la\u00a0altitud y de la temperatura).<\/p>\n<p><strong>UTLIZACI\u00d3N ACONSEJADA:<\/strong><br \/>\nUsos dom\u00e9sticos, peque\u00f1os riegos (ej: jardines) y distribuci\u00f3n de agua en gener\u00e1l. \u00a0Esta bomba puede ser acoplada a un tanque de presi\u00f3n o es posible instalar un interruptor de flujo electr\u00f3nico (v\u00e9 a los grupos electr\u00f3nicos RIVA\u00a0-TEC) para utilizarla de manera autom\u00e1tica.<\/p>\n<p><strong>TEMPERATURA\u00a0M\u00c1XIMA DE\u00a0UTLIZACI\u00d3N:<br \/>\n<\/strong>35\u00b0 (agua) 40\u00b0 (ambiente)<\/p>\n<p><strong>CARACTERISTICAS CONSTRUCTIVAS:<br \/>\n<\/strong>Cuerpo de la bomba:\u00a0Polipropileno<br \/>\nSoporte del motor:\u00a0Aluminio<br \/>\nRodete: Noryl (a petici\u00f3n: lat\u00f3n)<br \/>\nDifusor: PBT<br \/>\nSellos mec\u00e1nicos: \u00a0alumina\u00a0\/ carb\u00f3n grafito<br \/>\nClase de aislamiento: F<br \/>\nClase de protecti\u00f3n: IPX4<\/p>\n","protected":false},"excerpt":{"rendered":"<p>Usos dom\u00e9sticos, peque\u00f1os riegos (ej: jardines) y distribuci\u00f3n de agua en gener\u00e1l. \u00a0Esta bomba puede ser acoplada a un tanque de presi\u00f3n o es posible instalar un interruptor de flujo electr\u00f3nico (v\u00e9 a los grupos electr\u00f3nicos RIVA\u00a0-TEC) para utilizarla de manera autom\u00e1tica.<\/p>\n","protected":false},"featured_media":7308,"template":"","meta":[],"product_brand":[],"product_cat":[207,138],"product_tag":[],"class_list":{"0":"post-8797","1":"product","2":"type-product","3":"status-publish","4":"has-post-thumbnail","6":"product_cat-autocebantes","7":"product_cat-electrobombas-domesticas","9":"first","10":"instock","11":"featured","12":"shipping-taxable","13":"product-type-simple"},"_links":{"self":[{"href":"https:\/\/www.osip.it\/es\/wp-json\/wp\/v2\/product\/8797","targetHints":{"allow":["GET"]}}],"collection":[{"href":"https:\/\/www.osip.it\/es\/wp-json\/wp\/v2\/product"}],"about":[{"href":"https:\/\/www.osip.it\/es\/wp-json\/wp\/v2\/types\/product"}],"wp:featuredmedia":[{"embeddable":true,"href":"https:\/\/www.osip.it\/es\/wp-json\/wp\/v2\/media\/7308"}],"wp:attachment":[{"href":"https:\/\/www.osip.it\/es\/wp-json\/wp\/v2\/media?parent=8797"}],"wp:term":[{"taxonomy":"product_brand","embeddable":true,"href":"https:\/\/www.osip.it\/es\/wp-json\/wp\/v2\/product_brand?post=8797"},{"taxonomy":"product_cat","embeddable":true,"href":"https:\/\/www.osip.it\/es\/wp-json\/wp\/v2\/product_cat?post=8797"},{"taxonomy":"product_tag","embeddable":true,"href":"https:\/\/www.osip.it\/es\/wp-json\/wp\/v2\/product_tag?post=8797"}],"curies":[{"name":"wp","href":"https:\/\/api.w.org\/{rel}","templated":true}]}}