{"id":8793,"date":"2016-06-28T12:50:46","date_gmt":"2016-06-28T10:50:46","guid":{"rendered":"https:\/\/osip.it\/prodotto\/senza%20categoria\/dws-2"},"modified":"2016-11-29T11:08:13","modified_gmt":"2016-11-29T10:08:13","slug":"dws-2","status":"publish","type":"product","link":"https:\/\/www.osip.it\/es\/electrobombas-domesticas\/pozos-profundos\/dws-2\/","title":{"rendered":"DWS"},"content":{"rendered":"<p><strong>TIPO:<\/strong><br \/>\nElectrobomba autocebante con eyector sumergido.<\/p>\n<p><strong>PROFUNDIDAD M\u00c1XIMA DE SUCI\u00d3N:<\/strong><br \/>\nEste sistema permite pescar agua de pozos con un di\u00e1metro m\u00ednimo de 4&#8243; (aprox. 11 cm). La profundidad m\u00e1xima (ideal) de suci\u00f3n es de 15-20 metros aproximadamente con eyector P20 y de 20-30 metros con eyector P30\u00a0(valor variable en funci\u00f3n de la\u00a0altitud y de la temperatura).<\/p>\n<p><strong>UTILIZACI\u00d3N ACONSEJADA:<\/strong><br \/>\nPeque\u00f1os riegos (huertos, jardines).<br \/>\nEsta bomba puede ser acoplada a un tanque de presi\u00f3n para utilizarla de manera autom\u00e1tica.<\/p>\n<p><strong>TEMPERATURA\u00a0M\u00c1XIMA DE\u00a0UTILIZACI\u00d3N:<\/strong><br \/>\n35\u00b0 (agua) 40\u00b0 (ambiente)<\/p>\n<p><strong>CARACTERISTICAS CONSTRUCTIVAS:<br \/>\n<\/strong>Cuerpo de la bomba:\u00a0Hierro fundido<br \/>\nSoporte del motor: \u00a0Aluminium<br \/>\nRodete: Noryl<br \/>\nDifusor: PBT<br \/>\nSellos mec\u00e1nicos: \u00a0alumina \/ carb\u00f3n grafito<br \/>\nClase de aislamiento: F<br \/>\nClase de protecti\u00f3n: IPX4<\/p>\n","protected":false},"excerpt":{"rendered":"<p>Peque\u00f1os riegos (huertos, jardines).<br \/>\nEsta bomba puede ser acoplada a un tanque de presi\u00f3n para utilizarla de manera autom\u00e1tica.<\/p>\n","protected":false},"featured_media":3962,"template":"","meta":[],"product_brand":[],"product_cat":[138,223],"product_tag":[],"class_list":{"0":"post-8793","1":"product","2":"type-product","3":"status-publish","4":"has-post-thumbnail","6":"product_cat-electrobombas-domesticas","7":"product_cat-pozos-profundos","9":"first","10":"instock","11":"shipping-taxable","12":"product-type-simple"},"_links":{"self":[{"href":"https:\/\/www.osip.it\/es\/wp-json\/wp\/v2\/product\/8793","targetHints":{"allow":["GET"]}}],"collection":[{"href":"https:\/\/www.osip.it\/es\/wp-json\/wp\/v2\/product"}],"about":[{"href":"https:\/\/www.osip.it\/es\/wp-json\/wp\/v2\/types\/product"}],"wp:featuredmedia":[{"embeddable":true,"href":"https:\/\/www.osip.it\/es\/wp-json\/wp\/v2\/media\/3962"}],"wp:attachment":[{"href":"https:\/\/www.osip.it\/es\/wp-json\/wp\/v2\/media?parent=8793"}],"wp:term":[{"taxonomy":"product_brand","embeddable":true,"href":"https:\/\/www.osip.it\/es\/wp-json\/wp\/v2\/product_brand?post=8793"},{"taxonomy":"product_cat","embeddable":true,"href":"https:\/\/www.osip.it\/es\/wp-json\/wp\/v2\/product_cat?post=8793"},{"taxonomy":"product_tag","embeddable":true,"href":"https:\/\/www.osip.it\/es\/wp-json\/wp\/v2\/product_tag?post=8793"}],"curies":[{"name":"wp","href":"https:\/\/api.w.org\/{rel}","templated":true}]}}