{"id":8778,"date":"2016-07-19T15:40:50","date_gmt":"2016-07-19T13:40:50","guid":{"rendered":"https:\/\/osip.it\/prodotto\/senza%20categoria\/zm-50-100-150-2"},"modified":"2016-11-29T11:19:31","modified_gmt":"2016-11-29T10:19:31","slug":"zm-50-100-150-2","status":"publish","type":"product","link":"https:\/\/www.osip.it\/es\/electrobombas-domesticas\/centrifugas\/zm-50-100-150-2\/","title":{"rendered":"ZM 50-100-150"},"content":{"rendered":"<p><strong>TIPO:<\/strong><br \/>\nElectrobomba centr\u00edfuga monorodete.<br \/>\nEsta bomba garantiza un caudal abundante y una media altura.<\/p>\n<p><strong>PROFUNDIDAD M\u00c1XIMA DE SUCI\u00d3N:<\/strong><br \/>\nLa profundidad m\u00e1xima de suci\u00f3n es de 8 metros aproximadamente\u00a0(valor variable en funci\u00f3n de la\u00a0altitud y de la temperatura).<\/p>\n<p><strong>UTLIZACI\u00d3N ACONSEJADA:<\/strong><br \/>\nDistribuci\u00f3n\u00a0dom\u00e9stica y de agua en gener\u00e1l. Esta bomba puede ser acoplada a un tanque de presi\u00f3n o es posible instalar un interruptor de flujo electr\u00f3nico para utilizarla de manera autom\u00e1tica.<\/p>\n<p><strong>CARACTERISTICAS CONSTRUCTIVAS:<br \/>\n<\/strong>Cuerpo de la bomba:\u00a0Hierro fundido<br \/>\nSoporte del motor: Aluminio \/ Hierro fundido (ZM 150)<br \/>\nRodete:\u00a0Noryl, lat\u00f3n (ZM 150) \/ Lat\u00f3n para la ZM 100 (a petici\u00f3n)<br \/>\nSellos mec\u00e1nicos: \u00a0alumina \/ carb\u00f3n grafito<br \/>\nClase de aislamiento: F<br \/>\nClase de protecti\u00f3n: IPX4<\/p>\n","protected":false},"excerpt":{"rendered":"<p>Distribuci\u00f3n\u00a0dom\u00e9sticas y de agua en gener\u00e1l. Esta bomba puede ser acoplada a un tanque de presi\u00f3n o es posible instalar un interruptor de flujo electr\u00f3nico para utilizarla de manera autom\u00e1tica.<\/p>\n","protected":false},"featured_media":4542,"template":"","meta":[],"product_brand":[],"product_cat":[210,138],"product_tag":[],"class_list":{"0":"post-8778","1":"product","2":"type-product","3":"status-publish","4":"has-post-thumbnail","6":"product_cat-centrifugas","7":"product_cat-electrobombas-domesticas","9":"first","10":"instock","11":"shipping-taxable","12":"product-type-simple"},"_links":{"self":[{"href":"https:\/\/www.osip.it\/es\/wp-json\/wp\/v2\/product\/8778","targetHints":{"allow":["GET"]}}],"collection":[{"href":"https:\/\/www.osip.it\/es\/wp-json\/wp\/v2\/product"}],"about":[{"href":"https:\/\/www.osip.it\/es\/wp-json\/wp\/v2\/types\/product"}],"wp:featuredmedia":[{"embeddable":true,"href":"https:\/\/www.osip.it\/es\/wp-json\/wp\/v2\/media\/4542"}],"wp:attachment":[{"href":"https:\/\/www.osip.it\/es\/wp-json\/wp\/v2\/media?parent=8778"}],"wp:term":[{"taxonomy":"product_brand","embeddable":true,"href":"https:\/\/www.osip.it\/es\/wp-json\/wp\/v2\/product_brand?post=8778"},{"taxonomy":"product_cat","embeddable":true,"href":"https:\/\/www.osip.it\/es\/wp-json\/wp\/v2\/product_cat?post=8778"},{"taxonomy":"product_tag","embeddable":true,"href":"https:\/\/www.osip.it\/es\/wp-json\/wp\/v2\/product_tag?post=8778"}],"curies":[{"name":"wp","href":"https:\/\/api.w.org\/{rel}","templated":true}]}}