{"id":8766,"date":"2016-07-20T15:39:40","date_gmt":"2016-07-20T13:39:40","guid":{"rendered":"https:\/\/osip.it\/prodotto\/senza%20categoria\/mc-75-105-2"},"modified":"2016-11-29T11:29:26","modified_gmt":"2016-11-29T10:29:26","slug":"mc-75-105-2","status":"publish","type":"product","link":"https:\/\/www.osip.it\/es\/electrobombas-domesticas\/multietapas\/mc-75-105-2\/","title":{"rendered":"MC 75 &#8211; 105"},"content":{"rendered":"<p><strong>TIPO:<\/strong><br \/>\nElectrobomba centr\u00edfuga multietapas.<br \/>\nEsta bomba desarrolla un logro\u00a0optimal y consumos reducidos. Fiable, pr\u00e1ctica y silenciosa.<\/p>\n<p><strong>PROFUNDIDAD M\u00c1XIMA DE SUCI\u00d3N:<\/strong><br \/>\nLa profundidad m\u00e1xima de suci\u00f3n es de 7 metros aproximadamente\u00a0(valor variable en funci\u00f3n de la\u00a0altitud y de la temperatura).<\/p>\n<p><strong>UTLIZACI\u00d3N ACONSEJADA:<\/strong><br \/>\nIdeal para\u00a0el aumento de la presi\u00f3n en los sistemas h\u00eddricos dom\u00e9sticos y para los riegos de huertos y jardines. Esta bomba puede ser acoplada a un tanque de presi\u00f3n o es posible instalar un interruptor de flujo electr\u00f3nico (v\u00e9 a los grupos electr\u00f3nicos POWER-TEC) para utilizarla de manera autom\u00e1tica.<\/p>\n<p><strong>CARACTERISTICAS CONSTRUCTIVAS:<br \/>\n<\/strong>Cuerpo de la bomba: Acero Inoxidable AISI 304<br \/>\nSoporte del motor: Aluminio<br \/>\nRodete:\u00a0Noryl<br \/>\nSellos mec\u00e1nicos: \u00a0cer\u00e1mica esteatica\u00a0\/ carb\u00f3n grafito<br \/>\nClase de aislamiento: F<br \/>\nClase de protecti\u00f3n: IPX4<\/p>\n","protected":false},"excerpt":{"rendered":"<p>Ideal para el aumento de la presi\u00f3n en\u00a0los sistemas h\u00eddricos dom\u00e9sticos y para los riegos de huertos y jardines. Esta bomba puede ser acoplada a un tanque de presi\u00f3n o es posible instalar un interruptor de flujo electr\u00f3nico (v\u00e9 a los grupos electr\u00f3nicos POWER-TEC) para utilizarla de manera autom\u00e1tica.<\/p>\n","protected":false},"featured_media":4137,"template":"","meta":[],"product_brand":[],"product_cat":[138,217],"product_tag":[],"class_list":{"0":"post-8766","1":"product","2":"type-product","3":"status-publish","4":"has-post-thumbnail","6":"product_cat-electrobombas-domesticas","7":"product_cat-multietapas","9":"first","10":"instock","11":"shipping-taxable","12":"product-type-simple"},"_links":{"self":[{"href":"https:\/\/www.osip.it\/es\/wp-json\/wp\/v2\/product\/8766","targetHints":{"allow":["GET"]}}],"collection":[{"href":"https:\/\/www.osip.it\/es\/wp-json\/wp\/v2\/product"}],"about":[{"href":"https:\/\/www.osip.it\/es\/wp-json\/wp\/v2\/types\/product"}],"wp:featuredmedia":[{"embeddable":true,"href":"https:\/\/www.osip.it\/es\/wp-json\/wp\/v2\/media\/4137"}],"wp:attachment":[{"href":"https:\/\/www.osip.it\/es\/wp-json\/wp\/v2\/media?parent=8766"}],"wp:term":[{"taxonomy":"product_brand","embeddable":true,"href":"https:\/\/www.osip.it\/es\/wp-json\/wp\/v2\/product_brand?post=8766"},{"taxonomy":"product_cat","embeddable":true,"href":"https:\/\/www.osip.it\/es\/wp-json\/wp\/v2\/product_cat?post=8766"},{"taxonomy":"product_tag","embeddable":true,"href":"https:\/\/www.osip.it\/es\/wp-json\/wp\/v2\/product_tag?post=8766"}],"curies":[{"name":"wp","href":"https:\/\/api.w.org\/{rel}","templated":true}]}}