{"id":8749,"date":"2016-07-21T14:05:28","date_gmt":"2016-07-21T12:05:28","guid":{"rendered":"https:\/\/osip.it\/prodotto\/senza%20categoria\/nc-2"},"modified":"2016-11-29T11:39:19","modified_gmt":"2016-11-29T10:39:19","slug":"nc-2","status":"publish","type":"product","link":"https:\/\/www.osip.it\/es\/industriales\/nc-2\/","title":{"rendered":"NC"},"content":{"rendered":"<p><strong>TIPO:<\/strong><br \/>\nElectrobomba centr\u00edfuga monobloque con eje horizontal fabricada\u00a0seg\u00fan las normas EN-733.<\/p>\n<p><strong>UTILIZACI\u00d3N ACONSEJADA:<\/strong><br \/>\nEstas bombas son indicadas para los sistemas de alimentaci\u00f3n h\u00eddrica, de presurizaci\u00f3n y contraincendios, enfriamiento, calefacci\u00f3n, riegos, aplicaciones agr\u00edculas e industriales. Est\u00e1n dotadas\u00a0de\u00a0contrabrida.<\/p>\n","protected":false},"excerpt":{"rendered":"<p>Estas bombas son indicadas para los sistemas de alimentaci\u00f3n h\u00eddrica, de presurizaci\u00f3n y contraincendios, enfriamiento, calefacci\u00f3n, riegos, aplicaciones agr\u00edculas e industriales. Est\u00e1n dotadas\u00a0de\u00a0contrabrida.<\/p>\n","protected":false},"featured_media":4207,"template":"","meta":[],"product_brand":[],"product_cat":[232,219],"product_tag":[],"class_list":{"0":"post-8749","1":"product","2":"type-product","3":"status-publish","4":"has-post-thumbnail","6":"product_cat-industriales","7":"product_cat-normalizadas","9":"first","10":"instock","11":"shipping-taxable","12":"product-type-simple"},"_links":{"self":[{"href":"https:\/\/www.osip.it\/es\/wp-json\/wp\/v2\/product\/8749","targetHints":{"allow":["GET"]}}],"collection":[{"href":"https:\/\/www.osip.it\/es\/wp-json\/wp\/v2\/product"}],"about":[{"href":"https:\/\/www.osip.it\/es\/wp-json\/wp\/v2\/types\/product"}],"wp:featuredmedia":[{"embeddable":true,"href":"https:\/\/www.osip.it\/es\/wp-json\/wp\/v2\/media\/4207"}],"wp:attachment":[{"href":"https:\/\/www.osip.it\/es\/wp-json\/wp\/v2\/media?parent=8749"}],"wp:term":[{"taxonomy":"product_brand","embeddable":true,"href":"https:\/\/www.osip.it\/es\/wp-json\/wp\/v2\/product_brand?post=8749"},{"taxonomy":"product_cat","embeddable":true,"href":"https:\/\/www.osip.it\/es\/wp-json\/wp\/v2\/product_cat?post=8749"},{"taxonomy":"product_tag","embeddable":true,"href":"https:\/\/www.osip.it\/es\/wp-json\/wp\/v2\/product_tag?post=8749"}],"curies":[{"name":"wp","href":"https:\/\/api.w.org\/{rel}","templated":true}]}}