{"id":8740,"date":"2016-07-22T09:46:46","date_gmt":"2016-07-22T07:46:46","guid":{"rendered":"https:\/\/osip.it\/prodotto\/senza%20categoria\/riva-garden-2"},"modified":"2016-12-01T08:39:58","modified_gmt":"2016-12-01T07:39:58","slug":"riva-garden-2","status":"publish","type":"product","link":"https:\/\/www.osip.it\/es\/electrobombas-domesticas\/portatil\/riva-garden-2\/","title":{"rendered":"RIVA Garden"},"content":{"rendered":"<p><strong>TIPO:<\/strong><br \/>\nElectrobomba autocebante.<br \/>\nEste termino ind\u00edca la capacidad de bombear agua l\u00edmpia tambi\u00e8n mezclada con aire.<\/p>\n<p><strong>PROFUNDIDAD M\u00c1XIMA DE SUCI\u00d3N:<\/strong><br \/>\nLa profundidad m\u00e1xima de suci\u00f3n es de 9 metros aproximadamente\u00a0(valor variable en funci\u00f3n de la\u00a0altitud y de la temperatura).<\/p>\n<p><strong>UTILIZACI\u00d3N ACONSEJADA<\/strong>:<br \/>\nUso dom\u00e9stico, peque\u00f1os riegos ( ej. jardines) y distribuci\u00f3n de agua.<\/p>\n<p><strong>TEMPERATURA M\u00c1XIMA DE UTILIZACI\u00d3N:<\/strong><br \/>\n35\u00b0 (agua) 40\u00b0 (ambiente).<\/p>\n<p><strong>CARACTERISTICAS CONSTRUCTIVAS:<\/strong><strong><br \/>\n<\/strong>Cuerpo de la bomba:\u00a0Polipropileno<br \/>\nSoporte del motor: Aluminio<br \/>\nRodete: Noryl (a petici\u00f3n: lat\u00f3n)<br \/>\nSellos mec\u00e1nicos: \u00a0Alumina \/ carb\u00f3n grafito<br \/>\nClase de aislamiento: F<br \/>\nClase de protecti\u00f3n: IPX4<\/p>\n","protected":false},"excerpt":{"rendered":"<p>Uso dom\u00e9stico, peque\u00f1os riegos ( ej. jardines) y distribuci\u00f3n de agua.<\/p>\n","protected":false},"featured_media":8299,"template":"","meta":[],"product_brand":[],"product_cat":[138,225],"product_tag":[],"class_list":{"0":"post-8740","1":"product","2":"type-product","3":"status-publish","4":"has-post-thumbnail","6":"product_cat-electrobombas-domesticas","7":"product_cat-portatil","9":"first","10":"instock","11":"shipping-taxable","12":"product-type-simple"},"_links":{"self":[{"href":"https:\/\/www.osip.it\/es\/wp-json\/wp\/v2\/product\/8740","targetHints":{"allow":["GET"]}}],"collection":[{"href":"https:\/\/www.osip.it\/es\/wp-json\/wp\/v2\/product"}],"about":[{"href":"https:\/\/www.osip.it\/es\/wp-json\/wp\/v2\/types\/product"}],"wp:featuredmedia":[{"embeddable":true,"href":"https:\/\/www.osip.it\/es\/wp-json\/wp\/v2\/media\/8299"}],"wp:attachment":[{"href":"https:\/\/www.osip.it\/es\/wp-json\/wp\/v2\/media?parent=8740"}],"wp:term":[{"taxonomy":"product_brand","embeddable":true,"href":"https:\/\/www.osip.it\/es\/wp-json\/wp\/v2\/product_brand?post=8740"},{"taxonomy":"product_cat","embeddable":true,"href":"https:\/\/www.osip.it\/es\/wp-json\/wp\/v2\/product_cat?post=8740"},{"taxonomy":"product_tag","embeddable":true,"href":"https:\/\/www.osip.it\/es\/wp-json\/wp\/v2\/product_tag?post=8740"}],"curies":[{"name":"wp","href":"https:\/\/api.w.org\/{rel}","templated":true}]}}