{"id":8722,"date":"2016-07-21T16:54:24","date_gmt":"2016-07-21T14:54:24","guid":{"rendered":"https:\/\/osip.it\/prodotto\/senza%20categoria\/mx-2"},"modified":"2016-11-29T11:53:08","modified_gmt":"2016-11-29T10:53:08","slug":"mx-2","status":"publish","type":"product","link":"https:\/\/www.osip.it\/es\/electrobombas-domesticas\/sumergibles\/mx-2\/","title":{"rendered":"MX"},"content":{"rendered":"<p><strong>TIPO:<\/strong><br \/>\nElectrobomba sumergible.<br \/>\nEstas bombas son muy vers\u00e1tiles y fiables y son indicadas para varias\u00a0aplicaci\u00f3nes, con agua sucia y l\u00edquidos no da\u00f1inos\u00a0en que haya la presencia de cuerpos solidos\u00a0en superficie.<\/p>\n<p><strong>PROFUNDIDAD M\u00c1XIMA DE INMERSI\u00d3N:<\/strong><br \/>\nLa profundidad m\u00e1xima de inmersi\u00f3n es de 5 metros.<\/p>\n<p><strong>UTILIZACI\u00d3N ACONSEJADA:<\/strong><br \/>\nBombeo de aguas limpias\/sucias (aguas residuales dom\u00e9sticas) y drenajes.<\/p>\n<p><strong>TEMPERATURA M\u00c1XIMA DE UTILIZACI\u00d3N:<\/strong><br \/>\n35\u00b0 (agua)<\/p>\n<p><strong>CARACTERISTICAS CONSTRUCTIVAS:<\/strong><strong><br style=\"font-style: inherit; font-weight: inherit;\" \/><\/strong>Cuerpo de la bomba: Acero Inoxidable AISI 304<br \/>\nSoporte del motor: Acero Inoxidable AISI 304<br \/>\nRodete: Acero Inoxidable AISI 304<br \/>\nSellos mec\u00e1nicos: \u00a0Carburo de silicio<br \/>\nClase de aislamiento: F<br \/>\nClase de protecti\u00f3n: IP68<\/p>\n","protected":false},"excerpt":{"rendered":"<p>Bombeo de aguas limpias\/sucias (aguas residuales dom\u00e9sticas) y drenajes.<\/p>\n","protected":false},"featured_media":7667,"template":"","meta":[],"product_brand":[],"product_cat":[138,227],"product_tag":[],"class_list":{"0":"post-8722","1":"product","2":"type-product","3":"status-publish","4":"has-post-thumbnail","6":"product_cat-electrobombas-domesticas","7":"product_cat-sumergibles","9":"first","10":"instock","11":"shipping-taxable","12":"product-type-simple"},"_links":{"self":[{"href":"https:\/\/www.osip.it\/es\/wp-json\/wp\/v2\/product\/8722","targetHints":{"allow":["GET"]}}],"collection":[{"href":"https:\/\/www.osip.it\/es\/wp-json\/wp\/v2\/product"}],"about":[{"href":"https:\/\/www.osip.it\/es\/wp-json\/wp\/v2\/types\/product"}],"wp:featuredmedia":[{"embeddable":true,"href":"https:\/\/www.osip.it\/es\/wp-json\/wp\/v2\/media\/7667"}],"wp:attachment":[{"href":"https:\/\/www.osip.it\/es\/wp-json\/wp\/v2\/media?parent=8722"}],"wp:term":[{"taxonomy":"product_brand","embeddable":true,"href":"https:\/\/www.osip.it\/es\/wp-json\/wp\/v2\/product_brand?post=8722"},{"taxonomy":"product_cat","embeddable":true,"href":"https:\/\/www.osip.it\/es\/wp-json\/wp\/v2\/product_cat?post=8722"},{"taxonomy":"product_tag","embeddable":true,"href":"https:\/\/www.osip.it\/es\/wp-json\/wp\/v2\/product_tag?post=8722"}],"curies":[{"name":"wp","href":"https:\/\/api.w.org\/{rel}","templated":true}]}}