{"id":8692,"date":"2016-07-22T12:21:30","date_gmt":"2016-07-22T10:21:30","guid":{"rendered":"https:\/\/osip.it\/prodotto\/senza%20categoria\/b-jet-press-2"},"modified":"2016-11-30T09:03:24","modified_gmt":"2016-11-30T08:03:24","slug":"b-jet-press-2","status":"publish","type":"product","link":"https:\/\/www.osip.it\/es\/electrobombas-domesticas\/autoclaves\/b-jet-press-2\/","title":{"rendered":"B-JET Press"},"content":{"rendered":"<p><strong>CARACTERISTICAS PRINCIPALES:<br \/>\n<\/strong>Grupo autom\u00e1tico de presi\u00f3n para uso dom\u00e9stico con tanque de 24 litros y membrana de goma EPDM, presostato cableado y man\u00f3metro.<\/p>\n<p><strong>UTILIZACI\u00d3N ACONSEJADA:<br \/>\n<\/strong>Aplicaci\u00f3nes dom\u00e9sticas, peque\u00f1os riegos mecanizados, aumento de la presi\u00f3n de la red, etc.<strong><br \/>\n<\/strong><\/p>\n<p><strong>CARACTERISTICAS CONSTRUCTIVAS:<br \/>\n<\/strong>Cuerpo de la bomba: Hierro fundido<br \/>\nSoporte del motor: Hierro fundido<br \/>\nRodete:\u00a0Noryl (a petici\u00f3n: lat\u00f3n)<br \/>\nDifusor: Noryl<br \/>\nSellos mec\u00e1nicos: \u00a0Cer\u00e1mica esteatica\u00a0\/ carb\u00f3n grafito<br \/>\nClase de aislamiento: F<br \/>\nClase de protecti\u00f3n: IPX4<\/p>\n","protected":false},"excerpt":{"rendered":"<p>Grupo autom\u00e1tico de presi\u00f3n para uso dom\u00e9stico con tanque de 24 litros y membrana de goma EPDM, presostato cableado y man\u00f3metro.<\/p>\n","protected":false},"featured_media":3932,"template":"","meta":[],"product_brand":[],"product_cat":[209,138],"product_tag":[],"class_list":{"0":"post-8692","1":"product","2":"type-product","3":"status-publish","4":"has-post-thumbnail","6":"product_cat-autoclaves","7":"product_cat-electrobombas-domesticas","9":"first","10":"instock","11":"shipping-taxable","12":"product-type-simple"},"_links":{"self":[{"href":"https:\/\/www.osip.it\/es\/wp-json\/wp\/v2\/product\/8692","targetHints":{"allow":["GET"]}}],"collection":[{"href":"https:\/\/www.osip.it\/es\/wp-json\/wp\/v2\/product"}],"about":[{"href":"https:\/\/www.osip.it\/es\/wp-json\/wp\/v2\/types\/product"}],"wp:featuredmedia":[{"embeddable":true,"href":"https:\/\/www.osip.it\/es\/wp-json\/wp\/v2\/media\/3932"}],"wp:attachment":[{"href":"https:\/\/www.osip.it\/es\/wp-json\/wp\/v2\/media?parent=8692"}],"wp:term":[{"taxonomy":"product_brand","embeddable":true,"href":"https:\/\/www.osip.it\/es\/wp-json\/wp\/v2\/product_brand?post=8692"},{"taxonomy":"product_cat","embeddable":true,"href":"https:\/\/www.osip.it\/es\/wp-json\/wp\/v2\/product_cat?post=8692"},{"taxonomy":"product_tag","embeddable":true,"href":"https:\/\/www.osip.it\/es\/wp-json\/wp\/v2\/product_tag?post=8692"}],"curies":[{"name":"wp","href":"https:\/\/api.w.org\/{rel}","templated":true}]}}