{"id":8675,"date":"2016-07-22T14:23:01","date_gmt":"2016-07-22T12:23:01","guid":{"rendered":"https:\/\/osip.it\/prodotto\/senza%20categoria\/multi-tec-2"},"modified":"2016-11-30T09:17:16","modified_gmt":"2016-11-30T08:17:16","slug":"multi-tec-2","status":"publish","type":"product","link":"https:\/\/www.osip.it\/es\/electrobombas-domesticas\/grupos-electronicos\/multi-tec-2\/","title":{"rendered":"MULTI Tec"},"content":{"rendered":"<p><strong>CARACTERISTICAS PRINCIPALES:<br \/>\n<\/strong><span style=\"font-weight: 300;\">Este sistema\u00a0de presurizaci\u00f3n con electro-comando es ideal para sistemas de presi\u00f3n domesticos y peque\u00f1os riegos. Est\u00e1 formado por una bomba MCX 80-100 y por el dispositivo de control \u00abOptimatic\u00bb que garantiza la m\u00e1xima eficencia, manteniendo la presi\u00f3n costante. Est\u00e1 dotado de un peque\u00f1o tanque de diafragma que\u00a0evita posibles\u00a0p\u00e9rdidas dentro del sistema. El dispositivo \u00abDry Stop\u00bb protege \u00a0la bomba del funcionamiento en seco.<\/span><\/p>\n<p><strong>CARACTERISTICAS CONSTRUCTIVAS:<br \/>\n<\/strong>Cuerpo de la bomba:\u00a0Acero inoxidable AISI 304<br \/>\nSoporte del motor:\u00a0Aluminio<br \/>\nRodete: Acero inoxidable AISI 304<br \/>\nSellos mec\u00e1nicos: \u00a0cer\u00e1mica esteatita \/ carb\u00f3n metalizado<br \/>\nClase de aislamiento: F<br \/>\nClase de protecti\u00f3n: IPX4<strong><br \/>\n<\/strong><\/p>\n","protected":false},"excerpt":{"rendered":"<p>Este sistema\u00a0de presurizaci\u00f3n con electro-comando es ideal para sistemas de presi\u00f3n domesticos y peque\u00f1os riegos. Est\u00e1 formado por una bomba MCX 80-100 y por el dispositivo de control \u00abOptimatic\u00bb que garantiza la m\u00e1xima eficencia, manteniendo la presi\u00f3n costante. Est\u00e1 dotado de un peque\u00f1o tanque de diafragma que\u00a0evita posibles\u00a0p\u00e9rdidas dentro del sistema. El dispositivo \u00abDry Stop\u00bb protege \u00a0la bomba del funcionamiento en seco.<\/p>\n","protected":false},"featured_media":7990,"template":"","meta":[],"product_brand":[],"product_cat":[138,214],"product_tag":[],"class_list":{"0":"post-8675","1":"product","2":"type-product","3":"status-publish","4":"has-post-thumbnail","6":"product_cat-electrobombas-domesticas","7":"product_cat-grupos-electronicos","9":"first","10":"instock","11":"featured","12":"shipping-taxable","13":"product-type-simple"},"_links":{"self":[{"href":"https:\/\/www.osip.it\/es\/wp-json\/wp\/v2\/product\/8675","targetHints":{"allow":["GET"]}}],"collection":[{"href":"https:\/\/www.osip.it\/es\/wp-json\/wp\/v2\/product"}],"about":[{"href":"https:\/\/www.osip.it\/es\/wp-json\/wp\/v2\/types\/product"}],"wp:featuredmedia":[{"embeddable":true,"href":"https:\/\/www.osip.it\/es\/wp-json\/wp\/v2\/media\/7990"}],"wp:attachment":[{"href":"https:\/\/www.osip.it\/es\/wp-json\/wp\/v2\/media?parent=8675"}],"wp:term":[{"taxonomy":"product_brand","embeddable":true,"href":"https:\/\/www.osip.it\/es\/wp-json\/wp\/v2\/product_brand?post=8675"},{"taxonomy":"product_cat","embeddable":true,"href":"https:\/\/www.osip.it\/es\/wp-json\/wp\/v2\/product_cat?post=8675"},{"taxonomy":"product_tag","embeddable":true,"href":"https:\/\/www.osip.it\/es\/wp-json\/wp\/v2\/product_tag?post=8675"}],"curies":[{"name":"wp","href":"https:\/\/api.w.org\/{rel}","templated":true}]}}