{"id":8672,"date":"2016-07-22T14:33:48","date_gmt":"2016-07-22T12:33:48","guid":{"rendered":"https:\/\/osip.it\/prodotto\/senza%20categoria\/8672"},"modified":"2016-11-30T09:22:27","modified_gmt":"2016-11-30T08:22:27","slug":"mcn-g","status":"publish","type":"product","link":"https:\/\/www.osip.it\/es\/electrobombas-domesticas\/grupos-electronicos\/mcn-g\/","title":{"rendered":"MCN-G"},"content":{"rendered":"<p><strong>TIPO:<\/strong><br \/>\nGrupo autom\u00e1tico de presi\u00f3n con inverter, construido con bombas MC\u00a0130 N.<\/p>\n<p><strong>DESCRIPCI\u00d3N:<\/strong><br \/>\nGrupos autom\u00e1ticos de presi\u00f3n con dos bombas centr\u00edfugas multietapas en acero inoxidable, presostato electr\u00f3nico (MCN-G) o, a petici\u00f3n, con inverter de nueva generaci\u00f3n (MCN-IV). Este sistema permite de parametrizar de manera autom\u00e1tica la utilizaci\u00f3n de una o ambos las bombas seg\u00fan la necesidad del cliente final. M\u00e1xima eficencia y consumos reducidos son las caracter\u00edsticas\u00a0garantizadas de este sistema. Este grupo puede ser configurado a petici\u00f3n del cliente.<\/p>\n<p><strong>CARACTERISTICAS CONSTRUCTIVAS:<br \/>\n<\/strong>Cuerpo de la bomba:\u00a0Acero inoxidable AISI 304<br \/>\nSoporte del motor:\u00a0Aluminio<br \/>\nRodete:\u00a0Noryl<br \/>\nSellos mec\u00e1nicos: \u00a0cer\u00e1mica esteatita\/ carb\u00f3n metalizado<br \/>\nClase de aislamiento: F<br \/>\nClase de protecti\u00f3n: IPX4<\/p>\n","protected":false},"excerpt":{"rendered":"<p>Grupos autom\u00e1ticos de presi\u00f3n con dos bombas centr\u00edfugas multietapas en acero inoxidable, presostato electr\u00f3nico (MCN-G) o, a petici\u00f3n, con inverter de nueva generaci\u00f3n (MCN-IV). Este sistema permite de parametrizar de manera autom\u00e1tica la utilizaci\u00f3n de una o ambos las bombas seg\u00fan la necesidad del cliente final. M\u00e1xima eficencia y consumos reducidos son las caracter\u00edsticas\u00a0garantizadas de este sistema. Este grupo puede ser configurado a petici\u00f3n del cliente.<\/p>\n","protected":false},"featured_media":8011,"template":"","meta":[],"product_brand":[],"product_cat":[138,214],"product_tag":[],"class_list":{"0":"post-8672","1":"product","2":"type-product","3":"status-publish","4":"has-post-thumbnail","6":"product_cat-electrobombas-domesticas","7":"product_cat-grupos-electronicos","9":"first","10":"instock","11":"shipping-taxable","12":"product-type-simple"},"_links":{"self":[{"href":"https:\/\/www.osip.it\/es\/wp-json\/wp\/v2\/product\/8672","targetHints":{"allow":["GET"]}}],"collection":[{"href":"https:\/\/www.osip.it\/es\/wp-json\/wp\/v2\/product"}],"about":[{"href":"https:\/\/www.osip.it\/es\/wp-json\/wp\/v2\/types\/product"}],"wp:featuredmedia":[{"embeddable":true,"href":"https:\/\/www.osip.it\/es\/wp-json\/wp\/v2\/media\/8011"}],"wp:attachment":[{"href":"https:\/\/www.osip.it\/es\/wp-json\/wp\/v2\/media?parent=8672"}],"wp:term":[{"taxonomy":"product_brand","embeddable":true,"href":"https:\/\/www.osip.it\/es\/wp-json\/wp\/v2\/product_brand?post=8672"},{"taxonomy":"product_cat","embeddable":true,"href":"https:\/\/www.osip.it\/es\/wp-json\/wp\/v2\/product_cat?post=8672"},{"taxonomy":"product_tag","embeddable":true,"href":"https:\/\/www.osip.it\/es\/wp-json\/wp\/v2\/product_tag?post=8672"}],"curies":[{"name":"wp","href":"https:\/\/api.w.org\/{rel}","templated":true}]}}