{"id":8666,"date":"2016-07-22T15:36:43","date_gmt":"2016-07-22T13:36:43","guid":{"rendered":"https:\/\/osip.it\/prodotto\/senza%20categoria\/mcv-g-2"},"modified":"2016-11-30T09:35:13","modified_gmt":"2016-11-30T08:35:13","slug":"mcv-g-2","status":"publish","type":"product","link":"https:\/\/www.osip.it\/es\/electrobombas-domesticas\/grupos-electronicos\/mcv-g-2\/","title":{"rendered":"MCV-G"},"content":{"rendered":"<p><strong>TIPO:<\/strong><br \/>\nGrupo autom\u00e1tico de presi\u00f3n constituido con bombas MCV 400.<\/p>\n<p><strong>DESCRIPCI\u00d3N:<\/strong><br \/>\nGrupos autom\u00e1ticos de presi\u00f3n con dos bombas multietapas verticales e inverter electronicos de nueva generaci\u00f3n. Este sistema permite de parametrizar de manera autom\u00e1tica la utilizaci\u00f3n de una o ambos las bombas seg\u00fan la necesidad del cliente final. M\u00e1xima eficencia y consumos reducidos son las caracter\u00edsticas\u00a0garantizadas de este sistema. Este grupo puede ser configurado a petici\u00f3n del cliente.<\/p>\n<p><strong>CARACTERISTICAS PRINCIPALES:<\/strong><br \/>\nBombas: Multietapas con 4 rodetes<br \/>\nRodetes: Acero inoxidable AISI 304<br \/>\n\u00c1rbol motor: Acero inoxidable AISI 303<br \/>\nComponentes de la bomba: Lat\u00f3n 58<\/p>\n","protected":false},"excerpt":{"rendered":"<p>Grupos autom\u00e1ticos de presi\u00f3n con dos bombas multietapas verticales e inverter electronicos de nueva generaci\u00f3n. Este sistema permite de parametrizar de manera autom\u00e1tica la utilizaci\u00f3n de una o ambos las bombas seg\u00fan la necesidad del cliente final. M\u00e1xima eficencia y consumos reducidos son las caracter\u00edsticas\u00a0garantizadas de este sistema. Este grupo puede ser configurado a petici\u00f3n del cliente.<\/p>\n","protected":false},"featured_media":7657,"template":"","meta":[],"product_brand":[],"product_cat":[138,214],"product_tag":[],"class_list":{"0":"post-8666","1":"product","2":"type-product","3":"status-publish","4":"has-post-thumbnail","6":"product_cat-electrobombas-domesticas","7":"product_cat-grupos-electronicos","9":"first","10":"instock","11":"shipping-taxable","12":"product-type-simple"},"_links":{"self":[{"href":"https:\/\/www.osip.it\/es\/wp-json\/wp\/v2\/product\/8666","targetHints":{"allow":["GET"]}}],"collection":[{"href":"https:\/\/www.osip.it\/es\/wp-json\/wp\/v2\/product"}],"about":[{"href":"https:\/\/www.osip.it\/es\/wp-json\/wp\/v2\/types\/product"}],"wp:featuredmedia":[{"embeddable":true,"href":"https:\/\/www.osip.it\/es\/wp-json\/wp\/v2\/media\/7657"}],"wp:attachment":[{"href":"https:\/\/www.osip.it\/es\/wp-json\/wp\/v2\/media?parent=8666"}],"wp:term":[{"taxonomy":"product_brand","embeddable":true,"href":"https:\/\/www.osip.it\/es\/wp-json\/wp\/v2\/product_brand?post=8666"},{"taxonomy":"product_cat","embeddable":true,"href":"https:\/\/www.osip.it\/es\/wp-json\/wp\/v2\/product_cat?post=8666"},{"taxonomy":"product_tag","embeddable":true,"href":"https:\/\/www.osip.it\/es\/wp-json\/wp\/v2\/product_tag?post=8666"}],"curies":[{"name":"wp","href":"https:\/\/api.w.org\/{rel}","templated":true}]}}