{"id":8630,"date":"2016-07-25T15:47:35","date_gmt":"2016-07-25T13:47:35","guid":{"rendered":"https:\/\/osip.it\/prodotto\/senza%20categoria\/serie-s-2"},"modified":"2016-11-30T10:28:44","modified_gmt":"2016-11-30T09:28:44","slug":"serie-s-2","status":"publish","type":"product","link":"https:\/\/www.osip.it\/es\/sumergibles-es\/serie-s-2\/","title":{"rendered":"Serie S"},"content":{"rendered":"<p><strong>TIPO:<br \/>\n<\/strong>Bombas centr\u00edfugas\u00a0sumergibles multietapas\u00a0para pozos\u00a0de 6&#8243;, particularmente indicadas para sistemas de elevaci\u00f3n y distribuci\u00f3n que necesitan de presiones y alturas muy elevadas.<\/p>\n<p><strong>UTILIZACI\u00d3N ACONSEJADA:<br \/>\n<\/strong>Sistemas hidr\u00e1ulicos, para usos dom\u00e9sticos e industriales, de funci\u00f3n\u00a0continua o intermitente.<br \/>\nDispositivos de presurizaci\u00f3n.<br \/>\nSistemas de riego.<\/p>\n<p><strong>CARACTERISTICAS CONSTRUCTIVAS:<br \/>\n<\/strong>Brida de acoplamiento al motor y tuber\u00eda de impulsi\u00f3n en lat\u00f3n (OT 58)<br \/>\nV\u00e1lvula de retenci\u00f3n empotrada (para todos los modelos) y facilmente removible.<br \/>\nRodetes y difusores de Noryl, cuerpo del difusor en acero inoxidable (AISI 304).<br \/>\nCamisa,\u00a0\u00e1rbol de la bomba, empalme mec\u00e1nico, protector de hilo, rejilla de aspiraci\u00f3n y tornillos son de acero inoxidable.<br \/>\n<strong>Brida de acoplamiento al motor instalada de acuerdo con\u00a0las normas NEMA<\/strong>.<\/p>\n","protected":false},"excerpt":{"rendered":"<p>Sistemas hidr\u00e1ulicos, para usos dom\u00e9sticos e industriales, de manera continua o intermitente.<br \/>\nDispositivos de presurizaci\u00f3n.<br \/>\nSistemas de riego.<\/p>\n","protected":false},"featured_media":8006,"template":"","meta":[],"product_brand":[],"product_cat":[241],"product_tag":[],"class_list":{"0":"post-8630","1":"product","2":"type-product","3":"status-publish","4":"has-post-thumbnail","6":"product_cat-sumergibles-es","8":"first","9":"instock","10":"shipping-taxable","11":"product-type-simple"},"_links":{"self":[{"href":"https:\/\/www.osip.it\/es\/wp-json\/wp\/v2\/product\/8630","targetHints":{"allow":["GET"]}}],"collection":[{"href":"https:\/\/www.osip.it\/es\/wp-json\/wp\/v2\/product"}],"about":[{"href":"https:\/\/www.osip.it\/es\/wp-json\/wp\/v2\/types\/product"}],"wp:featuredmedia":[{"embeddable":true,"href":"https:\/\/www.osip.it\/es\/wp-json\/wp\/v2\/media\/8006"}],"wp:attachment":[{"href":"https:\/\/www.osip.it\/es\/wp-json\/wp\/v2\/media?parent=8630"}],"wp:term":[{"taxonomy":"product_brand","embeddable":true,"href":"https:\/\/www.osip.it\/es\/wp-json\/wp\/v2\/product_brand?post=8630"},{"taxonomy":"product_cat","embeddable":true,"href":"https:\/\/www.osip.it\/es\/wp-json\/wp\/v2\/product_cat?post=8630"},{"taxonomy":"product_tag","embeddable":true,"href":"https:\/\/www.osip.it\/es\/wp-json\/wp\/v2\/product_tag?post=8630"}],"curies":[{"name":"wp","href":"https:\/\/api.w.org\/{rel}","templated":true}]}}