{"id":8603,"date":"2016-07-26T11:26:32","date_gmt":"2016-07-26T09:26:32","guid":{"rendered":"https:\/\/osip.it\/prodotto\/senza%20categoria\/zvm-90-2"},"modified":"2016-10-19T12:10:07","modified_gmt":"2016-10-19T10:10:07","slug":"zvm-90-2","status":"publish","type":"product","link":"https:\/\/www.osip.it\/es\/industriales\/baja-presion\/zvm-90-2\/","title":{"rendered":"ZVM 90"},"content":{"rendered":"<p><strong>TIPO:<\/strong><br \/>\nElectrobomba industrial con eje.<\/p>\n<p><strong>DESCRIPCI\u00d3N:<\/strong><br \/>\nLas electrobomba de esta categor\u00eda son adecuadas para la circulaci\u00f3n de los l\u00edquidos refrigerantes y detergentes en las m\u00e1quinas y en todos los casos en que sea necesario bombear\u00a0cantidades de l\u00edquido elevadas en relaci\u00f3n a medias alturas. Estas bombas son particularmente indicadas cuando haya l\u00edquidos que contienen aditivos con caracteristicas disolventes.<\/p>\n<p><strong>CARACTERISTICAS CONSTRUCTIVAS:<br \/>\n<\/strong>Eje: PBT<br \/>\nRodete: Noryl<br \/>\nCuerpo de la bomba: PBT &#8211; Acero inoxidable AISI 304<br \/>\n\u00c1rbol motor: Acero inoxidable AISI 420<br \/>\nCaja motor: Aluminio &#8211; MEC 63<br \/>\nMotor: Cerrado ventilado externamente<br \/>\nBarnizado: De cataforesis<br \/>\nTornillos: Acero inoxidable<br \/>\nClase de aislamiento: F<br \/>\nClase de proteci\u00f3n: IPX5<\/p>\n<p>&nbsp;<\/p>\n<p>&nbsp;<\/p>\n","protected":false},"excerpt":{"rendered":"<p>Las electrobomba de esta categor\u00eda son adecuadas para la circulaci\u00f3n de los l\u00edquidos refrigerantes y detergentes en las m\u00e1quinas y en todos los casos en que sea necesario bombear\u00a0cantidades de l\u00edquido elevadas en relaci\u00f3n a medias alturas. Estas bombas son particularmente indicadas cuando haya l\u00edquidos que contienen aditivos con caracteristicas disolventes.<\/p>\n","protected":false},"featured_media":7867,"template":"","meta":[],"product_brand":[],"product_cat":[235,232],"product_tag":[],"class_list":{"0":"post-8603","1":"product","2":"type-product","3":"status-publish","4":"has-post-thumbnail","6":"product_cat-baja-presion","7":"product_cat-industriales","9":"first","10":"instock","11":"shipping-taxable","12":"product-type-simple"},"_links":{"self":[{"href":"https:\/\/www.osip.it\/es\/wp-json\/wp\/v2\/product\/8603","targetHints":{"allow":["GET"]}}],"collection":[{"href":"https:\/\/www.osip.it\/es\/wp-json\/wp\/v2\/product"}],"about":[{"href":"https:\/\/www.osip.it\/es\/wp-json\/wp\/v2\/types\/product"}],"wp:featuredmedia":[{"embeddable":true,"href":"https:\/\/www.osip.it\/es\/wp-json\/wp\/v2\/media\/7867"}],"wp:attachment":[{"href":"https:\/\/www.osip.it\/es\/wp-json\/wp\/v2\/media?parent=8603"}],"wp:term":[{"taxonomy":"product_brand","embeddable":true,"href":"https:\/\/www.osip.it\/es\/wp-json\/wp\/v2\/product_brand?post=8603"},{"taxonomy":"product_cat","embeddable":true,"href":"https:\/\/www.osip.it\/es\/wp-json\/wp\/v2\/product_cat?post=8603"},{"taxonomy":"product_tag","embeddable":true,"href":"https:\/\/www.osip.it\/es\/wp-json\/wp\/v2\/product_tag?post=8603"}],"curies":[{"name":"wp","href":"https:\/\/api.w.org\/{rel}","templated":true}]}}