{"id":8597,"date":"2016-07-26T11:43:39","date_gmt":"2016-07-26T09:43:39","guid":{"rendered":"https:\/\/osip.it\/prodotto\/senza%20categoria\/zs-65-75-2"},"modified":"2016-12-05T10:26:23","modified_gmt":"2016-12-05T09:26:23","slug":"zs-65-75-2","status":"publish","type":"product","link":"https:\/\/www.osip.it\/es\/industriales\/baja-presion\/zs-65-75-2\/","title":{"rendered":"ZS 65 &#8211; 75"},"content":{"rendered":"<p><strong>TIPO:<br \/>\n<\/strong>Electrobomba industrial con eje.<\/p>\n<p><strong>DESCRIPCI\u00d3N:<br \/>\n<\/strong>Las electrobombas de esta categor\u00eda son adecuadas para la circulaci\u00f3n de los l\u00edquidos refrigerantes y mezclas lubrificantes en las\u00a0m\u00e1quinas herramientas y en todas las situaciones en que sea necesario bombear cantidades de l\u00edquidos elevadas en relaci\u00f3n a potencias y alturas abundantes. Particularmente indicadas para l\u00edquidos lubrificantes refrigerantes, parcialmente o totalmente sint\u00e9ticos, que contengan aditivos con caracteristicas disolventes.<\/p>\n<p><strong>CARACTERISTICAS CONSTRUCTIVAS:<br \/>\n<\/strong>Eje: Acero inoxidable- Aleaci\u00f3n G AI Si 9<br \/>\nRodete: Aleaci\u00f3n G AI Si 9<br \/>\nCuerpo de la bomba:\u00a0Aleaci\u00f3n\u00a0 G AI Si 9<br \/>\n\u00c1rbol motor: Acero inoxidable AISI 420<br \/>\nCaja motor: Aluminio &#8211; MEC 63<br \/>\nMotor: Cerrado ventilado externamente<br \/>\nBarnizado: De Cataforesis<br \/>\nTornillos: Acero inoxidable<br \/>\nClase de aislamiento: F<br \/>\nClase de protecci\u00f3n: IPX5<\/p>\n","protected":false},"excerpt":{"rendered":"<p>Las electrobombas de esta categor\u00eda son adecuadas para la circulaci\u00f3n de los l\u00edquidos refrigerantes y mezclas lubrificantes en las\u00a0m\u00e1quinas herramientas y en todas las situaciones en que sea necesario bombear cantidades de l\u00edquidos elevadas en relaci\u00f3n a potencias y alturas abundantes. Particularmente indicadas para l\u00edquidos lubrificantes refrigerantes, parcialmente o totalmente sint\u00e9ticos, que contengan aditivos con caracteristicas disolventes.<\/p>\n","protected":false},"featured_media":7847,"template":"","meta":[],"product_brand":[],"product_cat":[235,232],"product_tag":[],"class_list":{"0":"post-8597","1":"product","2":"type-product","3":"status-publish","4":"has-post-thumbnail","6":"product_cat-baja-presion","7":"product_cat-industriales","9":"first","10":"instock","11":"shipping-taxable","12":"product-type-simple"},"_links":{"self":[{"href":"https:\/\/www.osip.it\/es\/wp-json\/wp\/v2\/product\/8597","targetHints":{"allow":["GET"]}}],"collection":[{"href":"https:\/\/www.osip.it\/es\/wp-json\/wp\/v2\/product"}],"about":[{"href":"https:\/\/www.osip.it\/es\/wp-json\/wp\/v2\/types\/product"}],"wp:featuredmedia":[{"embeddable":true,"href":"https:\/\/www.osip.it\/es\/wp-json\/wp\/v2\/media\/7847"}],"wp:attachment":[{"href":"https:\/\/www.osip.it\/es\/wp-json\/wp\/v2\/media?parent=8597"}],"wp:term":[{"taxonomy":"product_brand","embeddable":true,"href":"https:\/\/www.osip.it\/es\/wp-json\/wp\/v2\/product_brand?post=8597"},{"taxonomy":"product_cat","embeddable":true,"href":"https:\/\/www.osip.it\/es\/wp-json\/wp\/v2\/product_cat?post=8597"},{"taxonomy":"product_tag","embeddable":true,"href":"https:\/\/www.osip.it\/es\/wp-json\/wp\/v2\/product_tag?post=8597"}],"curies":[{"name":"wp","href":"https:\/\/api.w.org\/{rel}","templated":true}]}}