{"id":8576,"date":"2016-07-27T08:20:42","date_gmt":"2016-07-27T06:20:42","guid":{"rendered":"https:\/\/osip.it\/prodotto\/senza%20categoria\/ps-300-2"},"modified":"2016-12-06T09:57:54","modified_gmt":"2016-12-06T08:57:54","slug":"ps-300-2","status":"publish","type":"product","link":"https:\/\/www.osip.it\/es\/industriales\/alta-presion\/ps-300-2\/","title":{"rendered":"PS 300"},"content":{"rendered":"<p><strong>TIPO:<\/strong><br \/>\nElectrobomba industrial con eje.<\/p>\n<p><strong>DESCRIPCI\u00d3N:<\/strong><br \/>\nLas electrobomba de esta categor\u00eda unen las ventajas de las bombas centr\u00edfugas con hidr\u00e1ulica sumergida y las\u00a0de las bombas con rodete perif\u00e9rica (desarrollo de presiones elevadas en relaci\u00f3n a las bajas potencias requeridas). Son particularmente indicadas en los casos en que\u00a0se necesitan caudales limitados y presiones elevadas, \u00a0en salida de las toberas o secciones reducidas (por ejemplo en los trabajos en que se utilizan puntas a lanzas y ca\u00f1\u00f3n, en que el refrigerante tiene tambi\u00e8n la funci\u00f3n de facilitar el desprendimiento y la expulsi\u00f3n de las virutas).<\/p>\n<p><strong>CARACTERISTICAS CONSTRUCTIVAS:<br \/>\n<\/strong>Eje: Hierro fundido G20<br \/>\nRodete: Lat\u00f3n 58<br \/>\nCuerpo de la bomba: Hierro fundido G20<br \/>\n\u00c1rbol motor: Acero inoxidable AISI 420<br \/>\nCaja motor: Aluminio &#8211; MEC 90<br \/>\nMotor: Cerrado ventilado externamente<br \/>\nBarnizado: De electroforesis<br \/>\nTornillos: Acero inoxidable<br \/>\nClase de aislamiento: F<br \/>\nClase de protecci\u00f3n: IPX5<\/p>\n","protected":false},"excerpt":{"rendered":"<p>Las electrobomba de esta categor\u00eda unen las ventajas de las bombas centr\u00edfugas con hidr\u00e1ulica sumergida y las\u00a0de las bombas con rodete perif\u00e9rica (desarrollo de presiones elevadas en relaci\u00f3n a las bajas potencias requeridas). Son particularmente indicadas en los casos en que\u00a0se necesitan caudales limitados y presiones elevadas, \u00a0en salida de las toberas o secciones reducidas (por ejemplo en los trabajos en que se utilizan puntas a lanzas y ca\u00f1\u00f3n, en que el refrigerante tiene tambi\u00e8n la funci\u00f3n de facilitar el desprendimiento y la expulsi\u00f3n de las virutas).<\/p>\n","protected":false},"featured_media":7712,"template":"","meta":[],"product_brand":[],"product_cat":[234,232],"product_tag":[],"class_list":{"0":"post-8576","1":"product","2":"type-product","3":"status-publish","4":"has-post-thumbnail","6":"product_cat-alta-presion","7":"product_cat-industriales","9":"first","10":"instock","11":"shipping-taxable","12":"product-type-simple"},"_links":{"self":[{"href":"https:\/\/www.osip.it\/es\/wp-json\/wp\/v2\/product\/8576","targetHints":{"allow":["GET"]}}],"collection":[{"href":"https:\/\/www.osip.it\/es\/wp-json\/wp\/v2\/product"}],"about":[{"href":"https:\/\/www.osip.it\/es\/wp-json\/wp\/v2\/types\/product"}],"wp:featuredmedia":[{"embeddable":true,"href":"https:\/\/www.osip.it\/es\/wp-json\/wp\/v2\/media\/7712"}],"wp:attachment":[{"href":"https:\/\/www.osip.it\/es\/wp-json\/wp\/v2\/media?parent=8576"}],"wp:term":[{"taxonomy":"product_brand","embeddable":true,"href":"https:\/\/www.osip.it\/es\/wp-json\/wp\/v2\/product_brand?post=8576"},{"taxonomy":"product_cat","embeddable":true,"href":"https:\/\/www.osip.it\/es\/wp-json\/wp\/v2\/product_cat?post=8576"},{"taxonomy":"product_tag","embeddable":true,"href":"https:\/\/www.osip.it\/es\/wp-json\/wp\/v2\/product_tag?post=8576"}],"curies":[{"name":"wp","href":"https:\/\/api.w.org\/{rel}","templated":true}]}}