{"id":8546,"date":"2016-07-27T11:09:20","date_gmt":"2016-07-27T09:09:20","guid":{"rendered":"https:\/\/osip.it\/prodotto\/senza%20categoria\/pb-100-2"},"modified":"2016-12-06T11:21:42","modified_gmt":"2016-12-06T10:21:42","slug":"pb-100-2","status":"publish","type":"product","link":"https:\/\/www.osip.it\/es\/industriales\/perifericas-es\/pb-100-2\/","title":{"rendered":"PB 100"},"content":{"rendered":"<p><strong>TIPO:<br \/>\n<\/strong>Electrobomba industrial perif\u00e9rica.<\/p>\n<p><strong>DESCRIPCI\u00d3N:<br \/>\n<\/strong>Electrobombas perif\u00e9ricas con turbina, capaz de desarrollar una altura elevada en relaci\u00f3n a potencias limitadas. Su entera construcci\u00f3n en lat\u00f3n, permite a las bombas PB de ser particularmente indicadas para una utilizaci\u00f3n industrial y sanitaria. Se se\u00f1ala tambi\u00e9n una importante ventaja, la no-corrosi\u00f3n de la bomba, que anula\u00a0el peligro de bloqueo.<\/p>\n<p><strong>CARACTER\u00cdSTICAS CONSTRUCTIVAS:<br \/>\n<\/strong>Rodete: Lat\u00f3n 58<br \/>\nCuerpo de la bomba:\u00a0Lat\u00f3n 58<br \/>\n\u00c1rbol Motor: Acero inoxidable AISI 416<br \/>\nCaja motor: Aluminio &#8211; MEC 71<br \/>\nMotor: Cerrado, ventilado externamente<br \/>\nBarnizado: De cataforesis<br \/>\nTornillos: Acero inoxidable<br \/>\nClase de aislamiento: F<br \/>\nClase de protecci\u00f3n: IPX5<\/p>\n","protected":false},"excerpt":{"rendered":"<p>Electrobombas perif\u00e9ricas con turbina, capaz de desarrollar una altura elevada en relaci\u00f3n a potencias limitadas. Su entera construcci\u00f3n en lat\u00f3n, permite a las bombas PB de ser particularmente indicadas para una utilizaci\u00f3n industrial y sanitaria. Se se\u00f1ala tambi\u00e9n una importante ventaja, la no-corrosi\u00f3n de la bomba, que anula\u00a0el peligro de bloqueo.<\/p>\n","protected":false},"featured_media":4267,"template":"","meta":[],"product_brand":[],"product_cat":[232,239],"product_tag":[],"class_list":{"0":"post-8546","1":"product","2":"type-product","3":"status-publish","4":"has-post-thumbnail","6":"product_cat-industriales","7":"product_cat-perifericas-es","9":"first","10":"instock","11":"shipping-taxable","12":"product-type-simple"},"_links":{"self":[{"href":"https:\/\/www.osip.it\/es\/wp-json\/wp\/v2\/product\/8546","targetHints":{"allow":["GET"]}}],"collection":[{"href":"https:\/\/www.osip.it\/es\/wp-json\/wp\/v2\/product"}],"about":[{"href":"https:\/\/www.osip.it\/es\/wp-json\/wp\/v2\/types\/product"}],"wp:featuredmedia":[{"embeddable":true,"href":"https:\/\/www.osip.it\/es\/wp-json\/wp\/v2\/media\/4267"}],"wp:attachment":[{"href":"https:\/\/www.osip.it\/es\/wp-json\/wp\/v2\/media?parent=8546"}],"wp:term":[{"taxonomy":"product_brand","embeddable":true,"href":"https:\/\/www.osip.it\/es\/wp-json\/wp\/v2\/product_brand?post=8546"},{"taxonomy":"product_cat","embeddable":true,"href":"https:\/\/www.osip.it\/es\/wp-json\/wp\/v2\/product_cat?post=8546"},{"taxonomy":"product_tag","embeddable":true,"href":"https:\/\/www.osip.it\/es\/wp-json\/wp\/v2\/product_tag?post=8546"}],"curies":[{"name":"wp","href":"https:\/\/api.w.org\/{rel}","templated":true}]}}