{"id":8543,"date":"2016-07-27T11:11:46","date_gmt":"2016-07-27T09:11:46","guid":{"rendered":"https:\/\/osip.it\/prodotto\/senza%20categoria\/lb-100-2"},"modified":"2016-12-06T11:46:14","modified_gmt":"2016-12-06T10:46:14","slug":"lb-100-2","status":"publish","type":"product","link":"https:\/\/www.osip.it\/es\/industriales\/perifericas-es\/lb-100-2\/","title":{"rendered":"LB 100"},"content":{"rendered":"<p><strong>TIPO:<br \/>\n<\/strong>Electrobomba industrial perif\u00e9rica.<\/p>\n<p><strong>DESCRIPCI\u00d3N:<br \/>\n<\/strong>Electrobombas autocebantes construidas enteramente\u00a0en lat\u00f3n. Son ideales para extraer agua hasta 9 metros de profundidad, aunque haya presencia de unidades de gas (60-70 %). Con las bombas LB es posible obtener la aspiraci\u00f3n a traves cualquiera de las dos entradas, simplemente invirtiendo el sentido de rotaci\u00f3n del motor. Son adem\u00e1s apropriadas para la aspiraci\u00f3n de aceites pegajosos max. 37.3 Cst \u00a0(5\u00b0E). La m\u00e1xima temperatura del l\u00edquido tiene que ser de 80\u00b0C.<\/p>\n<p><strong>CARACTER\u00cdSTICAS CONSTRUCTIVAS:<br \/>\n<\/strong>Rodete: Lat\u00f3n 58<br \/>\nCuerpo de la bomba: Lat\u00f3n 58<br \/>\n\u00c1rbol Motor: Acero inoxidable AISI 420<br \/>\nCaja motor: Aluminio &#8211; MEC 71<br \/>\nMotor: Cerrado, ventilado externamente<br \/>\nBarnizado: De cataforesis<br \/>\nTornillos: Acero inoxidable<br \/>\nClase de aislamiento: F<br \/>\nClase de protecci\u00f3n: IPX5<\/p>\n<p>&nbsp;<\/p>\n","protected":false},"excerpt":{"rendered":"<p>Electrobombas autocebantes construidas enteramente\u00a0en lat\u00f3n. Son ideales para extraer agua hasta 9 metros de profundidad, aunque haya presencia de unidades de gas (60-70 %). Con las bombas LB es posible obtener la aspiraci\u00f3n a traves cualquiera de las dos entradas, simplemente invirtiendo el sentido de rotaci\u00f3n del motor. Son adem\u00e1s apropriadas para la aspiraci\u00f3n de aceites pegajosos max. 37.3 Cst \u00a0(5\u00b0E). La m\u00e1xima temperatura del l\u00edquido tiene que ser de 80\u00b0C.<\/p>\n","protected":false},"featured_media":7622,"template":"","meta":[],"product_brand":[],"product_cat":[232,239],"product_tag":[],"class_list":{"0":"post-8543","1":"product","2":"type-product","3":"status-publish","4":"has-post-thumbnail","6":"product_cat-industriales","7":"product_cat-perifericas-es","9":"first","10":"instock","11":"shipping-taxable","12":"product-type-simple"},"_links":{"self":[{"href":"https:\/\/www.osip.it\/es\/wp-json\/wp\/v2\/product\/8543","targetHints":{"allow":["GET"]}}],"collection":[{"href":"https:\/\/www.osip.it\/es\/wp-json\/wp\/v2\/product"}],"about":[{"href":"https:\/\/www.osip.it\/es\/wp-json\/wp\/v2\/types\/product"}],"wp:featuredmedia":[{"embeddable":true,"href":"https:\/\/www.osip.it\/es\/wp-json\/wp\/v2\/media\/7622"}],"wp:attachment":[{"href":"https:\/\/www.osip.it\/es\/wp-json\/wp\/v2\/media?parent=8543"}],"wp:term":[{"taxonomy":"product_brand","embeddable":true,"href":"https:\/\/www.osip.it\/es\/wp-json\/wp\/v2\/product_brand?post=8543"},{"taxonomy":"product_cat","embeddable":true,"href":"https:\/\/www.osip.it\/es\/wp-json\/wp\/v2\/product_cat?post=8543"},{"taxonomy":"product_tag","embeddable":true,"href":"https:\/\/www.osip.it\/es\/wp-json\/wp\/v2\/product_tag?post=8543"}],"curies":[{"name":"wp","href":"https:\/\/api.w.org\/{rel}","templated":true}]}}