{"id":7217,"date":"2016-08-02T18:29:17","date_gmt":"2016-08-02T16:29:17","guid":{"rendered":"https:\/\/osip.it\/prodotto\/senza%20categoria\/valvulas-de-retencion-de-bola-roscada"},"modified":"2016-10-27T11:16:09","modified_gmt":"2016-10-27T09:16:09","slug":"valvulas-de-retencion-de-bola-roscada","status":"publish","type":"product","link":"https:\/\/www.osip.it\/es\/accessorios\/valvulas\/valvulas-de-retencion-de-bola-roscada\/","title":{"rendered":"V\u00e1lvulas de retenci\u00f3n de bola roscada"},"content":{"rendered":"<div id=\"viewport\" class=\"ctr-p\">\n<div id=\"main\" class=\"content\" data-jiis=\"cc\">\n<div id=\"cnt\" class=\"big\">\n<div class=\"mw\">\n<div id=\"rcnt\">\n<div class=\"col\">\n<div id=\"center_col\">\n<div id=\"res\" class=\"med\">\n<div id=\"search\" data-jiis=\"uc\" data-jibp=\"h\">\n<div data-ved=\"0ahUKEwiM97WgpKXPAhWLCMAKHTxRAt8QGggZ\">\n<div id=\"ires\" data-async-context=\"query:traduttore%20italiano%20spagnolo\">\n<div id=\"rso\">\n<div class=\"g tpo knavi obcontainer mod\" data-ved=\"0ahUKEwiM97WgpKXPAhWLCMAKHTxRAt8QkCkIGigAMAA\" data-md=\"77\">\n<div data-hveid=\"27\">\n<div id=\"tw-container\" class=\"vk_c r-iT_3DapfmN8U\" data-ulf=\"1\" data-uilc=\"it\" data-sugg-url=\"https:\/\/clients1.google.it\/complete\/search\" data-sm=\"1\" data-nnttsvi=\"1\" data-exp=\"1\">\n<div id=\"uid_0\" class=\"r-i9ffWOzTMDvQ xpdbox xpdclose\">\n<div class=\"vk_bk\">\n<div id=\"tw-ob\">\n<div class=\"_Ejb\">\n<div id=\"tw-target\">\n<div id=\"tw-target-text-container\" class=\"tw-ta-container tw-nfl\">\n<p id=\"tw-target-text\" class=\"tw-data-text tw-ta tw-text-small\" dir=\"ltr\" data-placeholder=\"Traduzione\"><span lang=\"es\">Las v\u00e1lvulas de retenci\u00f3n con obturador esf\u00e9rico redondo es extremadamente fiable, tanto en vertical como en horizontal, gracias a su simplicidad constructiva y ausencia de mecanismos. \u00a0 <\/span><\/p>\n<p class=\"tw-data-text tw-ta tw-text-small\" dir=\"ltr\" data-placeholder=\"Traduzione\"><span lang=\"es\"><strong>CARACTERISTICAS DE CONSTRUCCI\u00d3N:<\/strong><br \/>\nJuntas: NBR<br \/>\nCuerpo: Hierro fundido GG 25<br \/>\nEsfera: Alumina o NBR<\/span><\/p>\n<\/div>\n<\/div>\n<\/div>\n<\/div>\n<\/div>\n<\/div>\n<\/div>\n<\/div>\n<\/div>\n<\/div>\n<\/div>\n<\/div>\n<\/div>\n<\/div>\n<\/div>\n<\/div>\n<\/div>\n<\/div>\n<\/div>\n<\/div>\n<\/div>\n","protected":false},"excerpt":{"rendered":"<p id=\"tw-target-text\" class=\"tw-data-text tw-ta tw-text-small\" dir=\"ltr\" data-placeholder=\"Traduzione\"><span lang=\"es\">Las v\u00e1lvulas de retenci\u00f3n con obturador esf\u00e9rico redondo es extremadamente fiable, tanto en vertical como en horizontal, gracias a su simplicidad constructiva y ausencia de mecanismos.<\/span><\/p>\n","protected":false},"featured_media":8249,"template":"","meta":[],"product_brand":[],"product_cat":[188,205],"product_tag":[],"class_list":{"0":"post-7217","1":"product","2":"type-product","3":"status-publish","4":"has-post-thumbnail","6":"product_cat-accessorios","7":"product_cat-valvulas","9":"first","10":"instock","11":"shipping-taxable","12":"product-type-simple"},"_links":{"self":[{"href":"https:\/\/www.osip.it\/es\/wp-json\/wp\/v2\/product\/7217","targetHints":{"allow":["GET"]}}],"collection":[{"href":"https:\/\/www.osip.it\/es\/wp-json\/wp\/v2\/product"}],"about":[{"href":"https:\/\/www.osip.it\/es\/wp-json\/wp\/v2\/types\/product"}],"wp:featuredmedia":[{"embeddable":true,"href":"https:\/\/www.osip.it\/es\/wp-json\/wp\/v2\/media\/8249"}],"wp:attachment":[{"href":"https:\/\/www.osip.it\/es\/wp-json\/wp\/v2\/media?parent=7217"}],"wp:term":[{"taxonomy":"product_brand","embeddable":true,"href":"https:\/\/www.osip.it\/es\/wp-json\/wp\/v2\/product_brand?post=7217"},{"taxonomy":"product_cat","embeddable":true,"href":"https:\/\/www.osip.it\/es\/wp-json\/wp\/v2\/product_cat?post=7217"},{"taxonomy":"product_tag","embeddable":true,"href":"https:\/\/www.osip.it\/es\/wp-json\/wp\/v2\/product_tag?post=7217"}],"curies":[{"name":"wp","href":"https:\/\/api.w.org\/{rel}","templated":true}]}}