{"id":2851,"date":"2016-07-06T16:37:50","date_gmt":"2016-07-06T14:37:50","guid":{"rendered":"https:\/\/osip.it\/es\/?page_id=2851"},"modified":"2018-09-14T12:56:02","modified_gmt":"2018-09-14T10:56:02","slug":"empresa","status":"publish","type":"page","link":"https:\/\/www.osip.it\/es\/empresa\/","title":{"rendered":"Empresa"},"content":{"rendered":"<div class=\"wpb-content-wrapper\"><p>[vc_row][vc_column][vc_column_text]<\/p>\n<p style=\"text-align: justify;\"><img decoding=\"async\" class=\"alignnone wp-image-7268\" src=\"\/wp-content\/uploads\/2016\/05\/logo-300x86.png\" alt=\"logo\" width=\"204\" height=\"64\" \/><img decoding=\"async\" class=\"alignright wp-image-2834 size-medium\" src=\"\/wp-content\/uploads\/2016\/07\/Camin-Srl2-300x188.jpg\" alt=\"Camin-Srl2\" width=\"300\" height=\"188\" \/><\/p>\n<p style=\"text-align: justify;\">m\u00e1s de 40 a\u00f1os de experiencia a servicio de\u00a0sus clientes, con productos de calidad totalmente proyectados y construidos en Italia en colaboraci\u00f3n con las empresas m\u00e1s importantes del Norte Italia.<\/p>\n<p>[\/vc_column_text][vc_empty_space height=\u00bb20px\u00bb][vc_column_text]<\/p>\n<p style=\"text-align: justify;\"><img decoding=\"async\" class=\"size-medium wp-image-2840 alignright\" src=\"\/wp-content\/uploads\/2016\/07\/made-in-italy-300x200.jpg\" alt=\"made-in-italy\" width=\"300\" height=\"200\" \/><\/p>\n<ul>\n<li>Amplia gama de productos para satisfacer el mercado civil, dom\u00e9stico e industrial.<\/li>\n<li>Servicio r\u00e1pido y respuestas inmediatas.<\/li>\n<li>Comunicaci\u00f3n eficiente para todas las exigencias<\/li>\n<li>Flexibilidad<\/li>\n<li>Selecci\u00f3n muy atenta de las materias primas.<\/li>\n<li>Innovaci\u00f3n.<\/li>\n<\/ul>\n<p>[\/vc_column_text][\/vc_column][\/vc_row][vc_row][vc_column][vc_empty_space height=\u00bb30px\u00bb][\/vc_column][\/vc_row][vc_row][vc_column][vc_column_text]<\/p>\n<p style=\"text-align: center;\"><em><strong>OSIP<\/strong>, fabricado en Veneto, fabricado en <strong>Italia<\/strong>.<\/em><\/p>\n<p>[\/vc_column_text][\/vc_column][\/vc_row]<\/p>\n<\/div>","protected":false},"excerpt":{"rendered":"<p>[vc_row][vc_column][vc_column_text] m\u00e1s de 40 a\u00f1os de experiencia a servicio de\u00a0sus clientes, con productos de calidad totalmente proyectados y construidos en Italia en colaboraci\u00f3n con las empresas m\u00e1s importantes del Norte Italia. [\/vc_column_text][vc_empty_space height=\u00bb20px\u00bb][vc_column_text] Amplia gama de productos para satisfacer el mercado civil, dom\u00e9stico e industrial. Servicio r\u00e1pido y respuestas inmediatas. Comunicaci\u00f3n eficiente para todas las [&hellip;]<\/p>\n","protected":false},"author":1,"featured_media":0,"parent":0,"menu_order":0,"comment_status":"closed","ping_status":"closed","template":"templates\/page-right.php","meta":{"footnotes":""},"class_list":["post-2851","page","type-page","status-publish","hentry"],"_links":{"self":[{"href":"https:\/\/www.osip.it\/es\/wp-json\/wp\/v2\/pages\/2851","targetHints":{"allow":["GET"]}}],"collection":[{"href":"https:\/\/www.osip.it\/es\/wp-json\/wp\/v2\/pages"}],"about":[{"href":"https:\/\/www.osip.it\/es\/wp-json\/wp\/v2\/types\/page"}],"author":[{"embeddable":true,"href":"https:\/\/www.osip.it\/es\/wp-json\/wp\/v2\/users\/1"}],"replies":[{"embeddable":true,"href":"https:\/\/www.osip.it\/es\/wp-json\/wp\/v2\/comments?post=2851"}],"version-history":[{"count":0,"href":"https:\/\/www.osip.it\/es\/wp-json\/wp\/v2\/pages\/2851\/revisions"}],"wp:attachment":[{"href":"https:\/\/www.osip.it\/es\/wp-json\/wp\/v2\/media?parent=2851"}],"curies":[{"name":"wp","href":"https:\/\/api.w.org\/{rel}","templated":true}]}}